{"id":1225,"date":"2018-04-10T14:19:40","date_gmt":"2018-04-10T14:19:40","guid":{"rendered":"http:\/\/curly.mikado-themes.com\/?page_id=1225"},"modified":"2023-02-23T20:14:14","modified_gmt":"2023-02-23T20:14:14","slug":"sophiegauvreau","status":"publish","type":"page","link":"https:\/\/sohaut.ca\/index.php\/sophiegauvreau\/","title":{"rendered":"Propri\u00e9taire Sophie Gauvreau"},"content":{"rendered":"<div class=\"wpb-content-wrapper\"><p>[vc_row][vc_column width=\u00a0\u00bb1\/4&Prime;][vc_single_image image=\u00a0\u00bb4816&Prime; img_size=\u00a0\u00bblarge\u00a0\u00bb][\/vc_column][vc_column width=\u00a0\u00bb3\/4&Prime;][vc_empty_space height=\u00a0\u00bb70px\u00a0\u00bb][vc_column_text]<\/p>\n<h4>Le <strong>salon de coiffure So-Haut<\/strong> a \u00e9t\u00e9 fond\u00e9 en 2011 par la <strong>jeune entrepreneure Sophie Gauvreau<\/strong>, <strong>gagnante\u00a0du\u00a0Prix Excelor 2017<\/strong>\u00a0de la <a href=\"https:\/\/ccgatineau.ca\/\">Chambre de commerce de Gatineau<\/a> dans la cat\u00e9gorie\u00a0\u201d<strong>Entrepreunariat au f\u00e9minin<\/strong>\u201d. Anim\u00e9e d\u2019une v\u00e9ritable passion pour son travail, Sophie est une <strong>coiffeuse unique<\/strong> en son genre qui est reconnue pour sa <strong>cr\u00e9ativit\u00e9 et sa dext\u00e9rit\u00e9.<\/strong><\/h4>\n<p>&nbsp;<\/p>\n<h5>Le <strong>salon de coiffure<\/strong> So-Haut, situ\u00e9 \u00e0 <strong>Gatineau<\/strong>, jouit d\u2019une excellent r\u00e9putation et offre une <strong>vari\u00e9t\u00e9 de produits haut de gamme<\/strong> pour les <strong>soins capillaires<\/strong> et les <strong>soins de la peau<\/strong>. Nous sommes toujours \u00e0 l\u2019aff\u00fbt des <strong>nouvelles technologies et tendances<\/strong> afin de<strong> r\u00e9pondre aux besoins sp\u00e9cifiques de nos clients<\/strong>.<\/h5>\n<p>[\/vc_column_text][\/vc_column][\/vc_row][vc_row][vc_column width=\u00a0\u00bb1\/2&Prime;][\/vc_column][vc_column width=\u00a0\u00bb1\/2&Prime;][\/vc_column][\/vc_row]<\/p>\n<\/div>","protected":false},"excerpt":{"rendered":"<p>[vc_row][vc_column width=\u00a0\u00bb1\/4&Prime;][vc_single_image image=\u00a0\u00bb4816&Prime; img_size=\u00a0\u00bblarge\u00a0\u00bb][\/vc_column][vc_column width=\u00a0\u00bb3\/4&Prime;][vc_empty_space height=\u00a0\u00bb70px\u00a0\u00bb][vc_column_text] Le salon de coiffure So-Haut a \u00e9t\u00e9 fond\u00e9 en 2011 par la jeune entrepreneure Sophie Gauvreau, gagnante\u00a0du\u00a0Prix Excelor 2017\u00a0de la Chambre de commerce de Gatineau dans la cat\u00e9gorie\u00a0\u201dEntrepreunariat au f\u00e9minin\u201d. Anim\u00e9e d\u2019une v\u00e9ritable passion [&hellip;]<\/p>\n","protected":false},"author":1,"featured_media":4836,"parent":0,"menu_order":0,"comment_status":"closed","ping_status":"closed","template":"","meta":[],"_links":{"self":[{"href":"https:\/\/sohaut.ca\/index.php\/wp-json\/wp\/v2\/pages\/1225"}],"collection":[{"href":"https:\/\/sohaut.ca\/index.php\/wp-json\/wp\/v2\/pages"}],"about":[{"href":"https:\/\/sohaut.ca\/index.php\/wp-json\/wp\/v2\/types\/page"}],"author":[{"embeddable":true,"href":"https:\/\/sohaut.ca\/index.php\/wp-json\/wp\/v2\/users\/1"}],"replies":[{"embeddable":true,"href":"https:\/\/sohaut.ca\/index.php\/wp-json\/wp\/v2\/comments?post=1225"}],"version-history":[{"count":11,"href":"https:\/\/sohaut.ca\/index.php\/wp-json\/wp\/v2\/pages\/1225\/revisions"}],"predecessor-version":[{"id":4817,"href":"https:\/\/sohaut.ca\/index.php\/wp-json\/wp\/v2\/pages\/1225\/revisions\/4817"}],"wp:featuredmedia":[{"embeddable":true,"href":"https:\/\/sohaut.ca\/index.php\/wp-json\/wp\/v2\/media\/4836"}],"wp:attachment":[{"href":"https:\/\/sohaut.ca\/index.php\/wp-json\/wp\/v2\/media?parent=1225"}],"curies":[{"name":"wp","href":"https:\/\/api.w.org\/{rel}","templated":true}]}}