{"id":1531,"date":"2018-04-12T13:24:11","date_gmt":"2018-04-12T13:24:11","guid":{"rendered":"http:\/\/curly.mikado-themes.com\/?page_id=1531"},"modified":"2023-02-23T21:28:49","modified_gmt":"2023-02-23T21:28:49","slug":"salon-de-coiffure-et-desthetique-a-gatineau","status":"publish","type":"page","link":"https:\/\/sohaut.ca\/","title":{"rendered":"Home"},"content":{"rendered":"<div class=\"wpb-content-wrapper\"><p>[vc_row][vc_column]<div class=\"mkdf-elements-holder   mkdf-three-columns  mkdf-responsive-mode-768 \" ><div class=\"mkdf-eh-item    \"  data-item-class=\"mkdf-eh-custom-5893\">\n    <div class=\"mkdf-eh-item-inner\">\n        <div class=\"mkdf-eh-item-content mkdf-eh-custom-5893\" >\n            <div class=\"mkdf-banner-holder  mkdf-visible-on-default mkdf-center mkdf-dark \">\n\n    <div class=\"mkdf-banner-text-holder\">\n        <div class=\"mkdf-banner-text-outer\">\n            <div class=\"mkdf-banner-text-inner\">\n\n                                    <var class=\"mkdf-banner-tagline\">\n                    Tendances                    <\/var>\n                \n                                    <h3 class=\"mkdf-banner-title\">\n                    Coupe de cheveux                    <\/h3>\n                \n                                    <h5 class=\"mkdf-banner-subtitle\">\n                    Nouvelles \u2022 Tendances                    <\/h5>\n                \n\n                            <\/div>\n        <\/div>\n    <\/div>\n\n    \n<\/div>        <\/div>\n    <\/div>\n<\/div><div class=\"mkdf-eh-item    \" style=\"background-color: #000000\" data-item-class=\"mkdf-eh-custom-1254\">\n    <div class=\"mkdf-eh-item-inner\">\n        <div class=\"mkdf-eh-item-content mkdf-eh-custom-1254\" >\n            <div class=\"mkdf-banner-holder  mkdf-visible-on-default mkdf-center mkdf-light \">\n\n    <div class=\"mkdf-banner-text-holder\">\n        <div class=\"mkdf-banner-text-outer\">\n            <div class=\"mkdf-banner-text-inner\">\n\n                                    <var class=\"mkdf-banner-tagline\">\n                    Experts                    <\/var>\n                \n                                    <h3 class=\"mkdf-banner-title\">\n                    Colorations                    <\/h3>\n                \n                                    <h5 class=\"mkdf-banner-subtitle\">\n                    Experts \u2022 Innovation                    <\/h5>\n                \n\n                            <\/div>\n        <\/div>\n    <\/div>\n\n    \n<\/div>        <\/div>\n    <\/div>\n<\/div><div class=\"mkdf-eh-item    \"  data-item-class=\"mkdf-eh-custom-5682\">\n    <div class=\"mkdf-eh-item-inner\">\n        <div class=\"mkdf-eh-item-content mkdf-eh-custom-5682\" >\n            <div class=\"mkdf-banner-holder  mkdf-visible-on-default mkdf-center mkdf-dark \">\n\n    <div class=\"mkdf-banner-text-holder\">\n        <div class=\"mkdf-banner-text-outer\">\n            <div class=\"mkdf-banner-text-inner\">\n\n                                    <var class=\"mkdf-banner-tagline\">\n                    Cr\u00e9ativit\u00e9                    <\/var>\n                \n                                    <h3 class=\"mkdf-banner-title\">\n                    Coiffures                    <\/h3>\n                \n                                    <h5 class=\"mkdf-banner-subtitle\">\n                    Cr\u00e9ativit\u00e9 \u2022 Beaut\u00e9                    <\/h5>\n                \n\n                            <\/div>\n        <\/div>\n    <\/div>\n\n    \n<\/div>        <\/div>\n    <\/div>\n<\/div><\/div>[\/vc_column][\/vc_row][vc_row parallax_background_image=\u00a0\u00bb130&Prime;][vc_column]<div class=\"mkdf-elements-holder   mkdf-two-columns  mkdf-responsive-mode-1024 \" ><div class=\"mkdf-eh-item    \"  data-item-class=\"mkdf-eh-custom-2924\" data-1366-1600=\"0px 20px 106px 80px\" data-1024-1366=\"0px 20px 108px\" data-768-1024=\"35px 190px 0px\" data-680-768=\"35px 80px 0px\" data-680=\"35px 0px 0px\">\n    <div class=\"mkdf-eh-item-inner\">\n        <div class=\"mkdf-eh-item-content mkdf-eh-custom-2924\" style=\"padding: 0px 90px 108px 230px\">\n            <div class=\"mkdf-info-section  mkdf-light mkdf-center\">\n\n            <var class=\"mkdf-is-background-text\" style=\"font-size:225px\" id=\"mkdf-is-background-text-68\" >\n        Tendances        <\/var>\n    \n    <div class=\"mkdf-is-inner\" style=\"padding-top:112.5px;width:80%\">\n\n                    <h5 class=\"mkdf-is-subtitle\">\n            Coiffure            <\/h5>\n        \n                    <h3 class=\"mkdf-is-title\">\n            Pr\u00eates \u00e0 impressionner            <\/h3>\n        \n                    <p class=\"mkdf-is-text\">\n            Le salon So-Haut jouit d&#039;une excellente r\u00e9putation gr\u00e2ce \u00e0 une ambiance d\u00e9contract\u00e9e et ses services haut-de-gamme. Nous sommes toujours \u00e0 l&#039;aff\u00fbt des nouveaut\u00e9s dans l&#039;industrie, des tendances saisonni\u00e8res et des nouvelles techniques. Voici un petit aper\u00e7u des diff\u00e9rentes formations suivies par les stylistes chez So-Haut : Tony&amp;Guy Los Angeles, Waxman House, ABA Canada et plus.             <\/p>\n        \n        \n    <\/div>\n<\/div>        <\/div>\n    <\/div>\n<\/div><div class=\"mkdf-eh-item    \"  data-item-class=\"mkdf-eh-custom-7592\" data-1366-1600=\"110px 50px\" data-1024-1366=\"110px 50px\" data-768-1024=\"69px 180px 110px\" data-680-768=\"69px 108px 110px\" data-680=\"69px 10px 110px\">\n    <div class=\"mkdf-eh-item-inner\">\n        <div class=\"mkdf-eh-item-content mkdf-eh-custom-7592\" style=\"padding: 110px 100px\">\n            <div class=\"mkdf-stacked-images-holder  mkdf-si-position-left\">\n    <div class=\"mkdf-si-images\">\n                    <img width=\"1024\" height=\"678\" src=\"https:\/\/sohaut.ca\/wp-content\/uploads\/2021\/09\/B5B69823-C97E-46DC-98F2-5721A936E6AC.jpeg\" class=\"mkdf-si-first-image\" alt=\"\" loading=\"lazy\" srcset=\"https:\/\/sohaut.ca\/wp-content\/uploads\/2021\/09\/B5B69823-C97E-46DC-98F2-5721A936E6AC.jpeg 1024w, https:\/\/sohaut.ca\/wp-content\/uploads\/2021\/09\/B5B69823-C97E-46DC-98F2-5721A936E6AC-300x199.jpeg 300w, https:\/\/sohaut.ca\/wp-content\/uploads\/2021\/09\/B5B69823-C97E-46DC-98F2-5721A936E6AC-768x509.jpeg 768w, https:\/\/sohaut.ca\/wp-content\/uploads\/2021\/09\/B5B69823-C97E-46DC-98F2-5721A936E6AC-600x397.jpeg 600w\" sizes=\"(max-width: 1024px) 100vw, 1024px\" \/>                            <img width=\"500\" height=\"500\" src=\"https:\/\/sohaut.ca\/wp-content\/uploads\/2018\/04\/h1-img-2.jpg\" class=\"mkdf-si-stack-image\" alt=\"i\" loading=\"lazy\" srcset=\"https:\/\/sohaut.ca\/wp-content\/uploads\/2018\/04\/h1-img-2.jpg 500w, https:\/\/sohaut.ca\/wp-content\/uploads\/2018\/04\/h1-img-2-150x150.jpg 150w, https:\/\/sohaut.ca\/wp-content\/uploads\/2018\/04\/h1-img-2-300x300.jpg 300w, https:\/\/sohaut.ca\/wp-content\/uploads\/2018\/04\/h1-img-2-100x100.jpg 100w\" sizes=\"(max-width: 500px) 100vw, 500px\" \/>            <\/div>\n<\/div>        <\/div>\n    <\/div>\n<\/div><\/div>[\/vc_column][\/vc_row][vc_row content_placement=\u00a0\u00bbmiddle\u00a0\u00bb row_content_width=\u00a0\u00bbgrid\u00a0\u00bb simple_background_color=\u00a0\u00bb#f7f8f9&Prime;][vc_column width=\u00a0\u00bb1\/2&Prime; offset=\u00a0\u00bbvc_col-lg-6 vc_col-md-5 vc_hidden-sm vc_hidden-xs\u00a0\u00bb]<div class=\"mkdf-single-image-holder   \">\n    <div class=\"mkdf-si-inner\" >\n                                            <img width=\"600\" height=\"600\" src=\"https:\/\/sohaut.ca\/wp-content\/uploads\/2023\/02\/olaplex-trio-no-4-no-5-no-3-600-copie.png\" class=\"attachment-large size-large\" alt=\"\" loading=\"lazy\" srcset=\"https:\/\/sohaut.ca\/wp-content\/uploads\/2023\/02\/olaplex-trio-no-4-no-5-no-3-600-copie.png 600w, https:\/\/sohaut.ca\/wp-content\/uploads\/2023\/02\/olaplex-trio-no-4-no-5-no-3-600-copie-300x300.png 300w, https:\/\/sohaut.ca\/wp-content\/uploads\/2023\/02\/olaplex-trio-no-4-no-5-no-3-600-copie-150x150.png 150w, https:\/\/sohaut.ca\/wp-content\/uploads\/2023\/02\/olaplex-trio-no-4-no-5-no-3-600-copie-550x550.png 550w, https:\/\/sohaut.ca\/wp-content\/uploads\/2023\/02\/olaplex-trio-no-4-no-5-no-3-600-copie-100x100.png 100w\" sizes=\"(max-width: 600px) 100vw, 600px\" \/>                                    <\/div>\n<\/div>[\/vc_column][vc_column offset=\u00a0\u00bbvc_col-lg-6 vc_col-md-7&Prime;]<div class=\"mkdf-elements-holder   mkdf-one-column  mkdf-responsive-mode-768 \" ><div class=\"mkdf-eh-item    \"  data-item-class=\"mkdf-eh-custom-5763\" data-1366-1600=\"65px 60px 175px 90px\" data-1024-1366=\"65px 0px 175px 85px\" data-768-1024=\"54px 0px 163px\" data-680-768=\"54px 50px 163px\" data-680=\"54px 0px 163px\">\n    <div class=\"mkdf-eh-item-inner\">\n        <div class=\"mkdf-eh-item-content mkdf-eh-custom-5763\" style=\"padding: 215px 0px 325px 85px\">\n            [vc_empty_space height=\u00a0\u00bb70px\u00a0\u00bb]<div class=\"mkdf-info-section  mkdf-dark mkdf-center\">\n\n    \n    <div class=\"mkdf-is-inner\" style=\"width:100%\">\n\n        \n                    <h3 class=\"mkdf-is-title\">\n            Boutique en ligne            <\/h3>\n        \n                    <p class=\"mkdf-is-text\">\n            Tout vos essentiels de coiffure au bout des doigts. Vous cherchez un produit de coiffure professionnel? Magasinez notre s\u00e9lection de produits et accessoires pour cheveux!            <\/p>\n        \n                    <div class=\"mkdf-is-button\" style=\"margin-top:-16px\">\n                <a itemprop=\"url\" href=\"https:\/\/sohaut.ca\/index.php\/boutique-en-ligne\/\" target=\"_self\"  class=\"mkdf-btn mkdf-btn-medium mkdf-btn-simple\"  >    <span class=\"mkdf-btn-text\">MAGASINEZ ICI<\/span>    <\/a>            <\/div>\n        \n    <\/div>\n<\/div>        <\/div>\n    <\/div>\n<\/div><\/div>[\/vc_column][\/vc_row][vc_row row_content_width=\u00a0\u00bbgrid\u00a0\u00bb content_text_aligment=\u00a0\u00bbcenter\u00a0\u00bb simple_background_color=\u00a0\u00bb#000000&Prime; css=\u00a0\u00bb.vc_custom_1523866081418{padding-top: 142px !important;padding-bottom: 82px !important;}\u00a0\u00bb][vc_column width=\u00a0\u00bb1\/4&Prime; offset=\u00a0\u00bbvc_col-lg-3 vc_col-md-6&Prime;]<div class=\"mkdf-counter-holder  mkdf-light\">\n\n            <var class=\"mkdf-counter-background-text\" >\n        Stylistes        <\/var>\n    \n    <div class=\"mkdf-counter-inner\">\n\n                    <span class=\"mkdf-counter mkdf-zero-counter\" style=\"font-size: 45px\">\n                13            <\/span>\n        \n                    <h5 class=\"mkdf-counter-title\">\n            Stylistes            <\/h5>\n        \n        \n    <\/div>\n<\/div>[vc_empty_space height=\u00a0\u00bb50px\u00a0\u00bb][\/vc_column][vc_column width=\u00a0\u00bb1\/4&Prime; offset=\u00a0\u00bbvc_col-lg-3 vc_col-md-6&Prime;]<div class=\"mkdf-counter-holder  mkdf-light\">\n\n            <var class=\"mkdf-counter-background-text\" >\n        Clients        <\/var>\n    \n    <div class=\"mkdf-counter-inner\">\n\n                    <span class=\"mkdf-counter mkdf-zero-counter\" style=\"font-size: 45px\">\n                6200+            <\/span>\n        \n                    <h5 class=\"mkdf-counter-title\">\n            Clients            <\/h5>\n        \n        \n    <\/div>\n<\/div>[vc_empty_space height=\u00a0\u00bb50px\u00a0\u00bb][\/vc_column][vc_column width=\u00a0\u00bb1\/4&Prime; offset=\u00a0\u00bbvc_col-lg-3 vc_col-md-6&Prime;]<div class=\"mkdf-counter-holder  mkdf-light\">\n\n            <var class=\"mkdf-counter-background-text\" >\n        \u00c9toiles        <\/var>\n    \n    <div class=\"mkdf-counter-inner\">\n\n                    <span class=\"mkdf-counter mkdf-zero-counter\" style=\"font-size: 45px\">\n                5            <\/span>\n        \n                    <h5 class=\"mkdf-counter-title\">\n            \u00c9toiles            <\/h5>\n        \n        \n    <\/div>\n<\/div>[vc_empty_space height=\u00a0\u00bb50px\u00a0\u00bb][\/vc_column][vc_column width=\u00a0\u00bb1\/4&Prime;]<div class=\"mkdf-counter-holder  mkdf-light\">\n\n            <var class=\"mkdf-counter-background-text\" >\n        Ann\u00e9e        <\/var>\n    \n    <div class=\"mkdf-counter-inner\">\n\n                    <span class=\"mkdf-counter mkdf-zero-counter\" style=\"font-size: 45px\">\n                10            <\/span>\n        \n                    <h5 class=\"mkdf-counter-title\">\n            ans d&#039;exp\u00e9rience            <\/h5>\n        \n        \n    <\/div>\n<\/div>[vc_empty_space height=\u00a0\u00bb50px\u00a0\u00bb][\/vc_column][\/vc_row][vc_column][vc_empty_space height=\u00a0\u00bb70px\u00a0\u00bb][\/vc_column]<\/p>\n<\/div>","protected":false},"excerpt":{"rendered":"<p>[vc_row][vc_column][\/vc_column][\/vc_row][vc_row parallax_background_image=\u00a0\u00bb130&Prime;][vc_column][\/vc_column][\/vc_row][vc_row content_placement=\u00a0\u00bbmiddle\u00a0\u00bb row_content_width=\u00a0\u00bbgrid\u00a0\u00bb simple_background_color=\u00a0\u00bb#f7f8f9&Prime;][vc_column width=\u00a0\u00bb1\/2&Prime; offset=\u00a0\u00bbvc_col-lg-6 vc_col-md-5 vc_hidden-sm vc_hidden-xs\u00a0\u00bb][\/vc_column][vc_column offset=\u00a0\u00bbvc_col-lg-6 vc_col-md-7&Prime;][\/vc_column][\/vc_row][vc_row row_content_width=\u00a0\u00bbgrid\u00a0\u00bb content_text_aligment=\u00a0\u00bbcenter\u00a0\u00bb simple_background_color=\u00a0\u00bb#000000&Prime; css=\u00a0\u00bb.vc_custom_1523866081418{padding-top: 142px !important;padding-bottom: 82px !important;}\u00a0\u00bb][vc_column width=\u00a0\u00bb1\/4&Prime; offset=\u00a0\u00bbvc_col-lg-3 vc_col-md-6&Prime;][vc_empty_space height=\u00a0\u00bb50px\u00a0\u00bb][\/vc_column][vc_column width=\u00a0\u00bb1\/4&Prime; offset=\u00a0\u00bbvc_col-lg-3 vc_col-md-6&Prime;][vc_empty_space height=\u00a0\u00bb50px\u00a0\u00bb][\/vc_column][vc_column width=\u00a0\u00bb1\/4&Prime; offset=\u00a0\u00bbvc_col-lg-3 vc_col-md-6&Prime;][vc_empty_space height=\u00a0\u00bb50px\u00a0\u00bb][\/vc_column][vc_column width=\u00a0\u00bb1\/4&Prime;][vc_empty_space height=\u00a0\u00bb50px\u00a0\u00bb][\/vc_column][\/vc_row][vc_column][vc_empty_space height=\u00a0\u00bb70px\u00a0\u00bb][\/vc_column]<\/p>\n","protected":false},"author":1,"featured_media":0,"parent":0,"menu_order":0,"comment_status":"closed","ping_status":"closed","template":"full-width.php","meta":[],"_links":{"self":[{"href":"https:\/\/sohaut.ca\/index.php\/wp-json\/wp\/v2\/pages\/1531"}],"collection":[{"href":"https:\/\/sohaut.ca\/index.php\/wp-json\/wp\/v2\/pages"}],"about":[{"href":"https:\/\/sohaut.ca\/index.php\/wp-json\/wp\/v2\/types\/page"}],"author":[{"embeddable":true,"href":"https:\/\/sohaut.ca\/index.php\/wp-json\/wp\/v2\/users\/1"}],"replies":[{"embeddable":true,"href":"https:\/\/sohaut.ca\/index.php\/wp-json\/wp\/v2\/comments?post=1531"}],"version-history":[{"count":54,"href":"https:\/\/sohaut.ca\/index.php\/wp-json\/wp\/v2\/pages\/1531\/revisions"}],"predecessor-version":[{"id":4738,"href":"https:\/\/sohaut.ca\/index.php\/wp-json\/wp\/v2\/pages\/1531\/revisions\/4738"}],"wp:attachment":[{"href":"https:\/\/sohaut.ca\/index.php\/wp-json\/wp\/v2\/media?parent=1531"}],"curies":[{"name":"wp","href":"https:\/\/api.w.org\/{rel}","templated":true}]}}