{"id":25,"date":"2018-04-02T08:05:43","date_gmt":"2018-04-02T08:05:43","guid":{"rendered":"http:\/\/curly.mikado-themes.com\/?page_id=25"},"modified":"2022-11-14T21:37:45","modified_gmt":"2022-11-14T21:37:45","slug":"apropos","status":"publish","type":"page","link":"https:\/\/sohaut.ca\/index.php\/apropos\/","title":{"rendered":"\u00c0 propos"},"content":{"rendered":"<div class=\"wpb-content-wrapper\"><p>[vc_row content_placement=\u00a0\u00bbtop\u00a0\u00bb row_content_width=\u00a0\u00bbgrid\u00a0\u00bb content_text_aligment=\u00a0\u00bbleft\u00a0\u00bb css=\u00a0\u00bb.vc_custom_1524226111130{padding-top: 141px !important;}\u00a0\u00bb][vc_column offset=\u00a0\u00bbvc_col-lg-offset-0 vc_col-lg-6 vc_col-md-offset-0 vc_col-md-12 vc_col-sm-offset-0 vc_col-xs-12&Prime;]<div class=\"mkdf-section-title-holder  mkdf-dark mkdf-st-standard mkdf-st-title-left mkdf-st-normal-space \" style=\"text-align: right\">\n    <div class=\"mkdf-st-inner\">\n\n                    <var class=\"mkdf-st-background-text\" style=\"font-size:225px;left: -22px;top: -40px\" id=\"mkdf-st-background-text-435\" data-font-size=\"180px\" data-horizontal-offset=\"38px\" data-vertical-offset=\"-37px\">\n            Histoire            <\/var>\n        \n                    <h2 class=\"mkdf-st-title\">\n            Depuis 2011            <\/h2>\n        \n        \n    <\/div>\n<\/div>[vc_empty_space height=\u00a0\u00bb15px\u00a0\u00bb][\/vc_column][vc_column offset=\u00a0\u00bbvc_col-lg-offset-0 vc_col-lg-6 vc_col-md-offset-0 vc_col-md-12 vc_col-sm-offset-0 vc_col-xs-12&Prime;][vc_column_text]<\/p>\n<h4>So-Haut Moderne Styliste, SALON DE COIFFURE HAUT DE GAMME<\/h4>\n<p>[\/vc_column_text][vc_empty_space height=\u00a0\u00bb30px\u00a0\u00bb][vc_column_text]<em>So-Haut a \u00e9t\u00e9 fond\u00e9 en 2011 par la jeune entrepreneure Sophie Gauvreau, g<\/em><em>agnante\u00a0du\u00a0Prix Excelor 2017\u00a0de la Chambre de commerce de Gatineau dans la cat\u00e9gorie\u00a0\u201dEntrepreunariat au f\u00e9minin\u201d. Anim\u00e9e d&rsquo;une v\u00e9ritable passion pour son travail, Sophie est une coiffeuse unique en son genre qui est reconnue pour sa cr\u00e9ativit\u00e9 et sa dext\u00e9rit\u00e9. <\/em><\/p>\n<p><em>Le salon So-Haut jouit d&rsquo;une excellent r\u00e9putation et offre une vari\u00e9t\u00e9 de produits haut de gamme pour les soins capillaires. Nous sommes toujours \u00e0 l\u2019aff\u00fbt des nouvelles technologies et tendances afin de r\u00e9pondre aux besoins sp\u00e9cifiques de nos clients.<\/em>[\/vc_column_text][vc_empty_space height=\u00a0\u00bb140px\u00a0\u00bb][\/vc_column][\/vc_row][vc_row row_content_width=\u00a0\u00bbgrid\u00a0\u00bb disable_background_image=\u00a0\u00bb\u00a0\u00bb css=\u00a0\u00bb.vc_custom_1542581112054{padding-top: 107px !important;padding-bottom: 94px !important;}\u00a0\u00bb simple_background_image=\u00a0\u00bb1368&Prime;][vc_column offset=\u00a0\u00bbvc_col-lg-offset-2 vc_col-lg-8&Prime;][vc_row_inner content_text_aligment=\u00a0\u00bbcenter\u00a0\u00bb][vc_column_inner][vc_column_text]<\/p>\n<h5><span style=\"color: #ffffff;\">SOPHISTIQU\u00c9 ET PROFESSIONEL<\/span><\/h5>\n<p>[\/vc_column_text][vc_empty_space height=\u00a0\u00bb24px\u00a0\u00bb][vc_column_text]<\/p>\n<h3><span style=\"color: #ffffff;\">VOTRE SALON DE COIFFURE \u00c0 GATINEAU<\/span><\/h3>\n<p>[\/vc_column_text][vc_empty_space height=\u00a0\u00bb48px\u00a0\u00bb][\/vc_column_inner][\/vc_row_inner][\/vc_column][\/vc_row][vc_row row_content_width=\u00a0\u00bbgrid\u00a0\u00bb content_text_aligment=\u00a0\u00bbcenter\u00a0\u00bb css=\u00a0\u00bb.vc_custom_1524236052246{padding-top: 197px !important;padding-bottom: 307px !important;}\u00a0\u00bb parallax_background_image=\u00a0\u00bb838&Prime;][vc_column offset=\u00a0\u00bbvc_col-lg-offset-0 vc_col-lg-6 vc_col-md-offset-0 vc_col-md-8 vc_col-sm-offset-0 vc_col-xs-12&Prime;]<div class=\"mkdf-info-section  mkdf-dark mkdf-center\">\n\n            <var class=\"mkdf-is-background-text\" style=\"font-size:225px\" id=\"mkdf-is-background-text-721\" >\n        So-Haut        <\/var>\n    \n    <div class=\"mkdf-is-inner\" style=\"padding-top:112.5px;width:80%\">\n\n                    <h5 class=\"mkdf-is-subtitle\">\n            gatineau \u2022 depuis 2011            <\/h5>\n        \n                    <h3 class=\"mkdf-is-title\">\n            Notre mission            <\/h3>\n        \n                    <p class=\"mkdf-is-text\">\n            Dans un environnement de confiance, notre mission est d\u2019offrir des services de haute qualit\u00e9, uniques et diversifi\u00e9s qui s\u2019adaptent \u00e0 toute notre client\u00e8le. Nos stylistes sont toujours \u00e0 l\u2019aff\u00fbt des derni\u00e8res tendances et offrent des services conseils professionnels et personnalis\u00e9s.            <\/p>\n        \n        \n    <\/div>\n<\/div>[\/vc_column][\/vc_row]<\/p>\n<\/div>","protected":false},"excerpt":{"rendered":"<p>[vc_row content_placement=\u00a0\u00bbtop\u00a0\u00bb row_content_width=\u00a0\u00bbgrid\u00a0\u00bb content_text_aligment=\u00a0\u00bbleft\u00a0\u00bb css=\u00a0\u00bb.vc_custom_1524226111130{padding-top: 141px !important;}\u00a0\u00bb][vc_column offset=\u00a0\u00bbvc_col-lg-offset-0 vc_col-lg-6 vc_col-md-offset-0 vc_col-md-12 vc_col-sm-offset-0 vc_col-xs-12&Prime;][vc_empty_space height=\u00a0\u00bb15px\u00a0\u00bb][\/vc_column][vc_column offset=\u00a0\u00bbvc_col-lg-offset-0 vc_col-lg-6 vc_col-md-offset-0 vc_col-md-12 vc_col-sm-offset-0 vc_col-xs-12&Prime;][vc_column_text] So-Haut Moderne Styliste, SALON DE COIFFURE HAUT DE GAMME [\/vc_column_text][vc_empty_space height=\u00a0\u00bb30px\u00a0\u00bb][vc_column_text]So-Haut a \u00e9t\u00e9 fond\u00e9 en 2011 par la jeune entrepreneure [&hellip;]<\/p>\n","protected":false},"author":1,"featured_media":4814,"parent":0,"menu_order":0,"comment_status":"closed","ping_status":"closed","template":"full-width.php","meta":[],"_links":{"self":[{"href":"https:\/\/sohaut.ca\/index.php\/wp-json\/wp\/v2\/pages\/25"}],"collection":[{"href":"https:\/\/sohaut.ca\/index.php\/wp-json\/wp\/v2\/pages"}],"about":[{"href":"https:\/\/sohaut.ca\/index.php\/wp-json\/wp\/v2\/types\/page"}],"author":[{"embeddable":true,"href":"https:\/\/sohaut.ca\/index.php\/wp-json\/wp\/v2\/users\/1"}],"replies":[{"embeddable":true,"href":"https:\/\/sohaut.ca\/index.php\/wp-json\/wp\/v2\/comments?post=25"}],"version-history":[{"count":10,"href":"https:\/\/sohaut.ca\/index.php\/wp-json\/wp\/v2\/pages\/25\/revisions"}],"predecessor-version":[{"id":4799,"href":"https:\/\/sohaut.ca\/index.php\/wp-json\/wp\/v2\/pages\/25\/revisions\/4799"}],"wp:featuredmedia":[{"embeddable":true,"href":"https:\/\/sohaut.ca\/index.php\/wp-json\/wp\/v2\/media\/4814"}],"wp:attachment":[{"href":"https:\/\/sohaut.ca\/index.php\/wp-json\/wp\/v2\/media?parent=25"}],"curies":[{"name":"wp","href":"https:\/\/api.w.org\/{rel}","templated":true}]}}