{"id":4824,"date":"2023-02-14T18:56:23","date_gmt":"2023-02-14T18:56:23","guid":{"rendered":"https:\/\/sohaut.ca\/?page_id=4824"},"modified":"2023-02-23T21:27:36","modified_gmt":"2023-02-23T21:27:36","slug":"temoignages-clientes","status":"publish","type":"page","link":"https:\/\/sohaut.ca\/index.php\/temoignages-clientes\/","title":{"rendered":"T\u00e9moignages client(e)s"},"content":{"rendered":"<div class=\"wpb-content-wrapper\"><p>[vc_row row_content_width=\u00a0\u00bbgrid\u00a0\u00bb css=\u00a0\u00bb.vc_custom_1524127814150{padding-top: 141px !important;padding-bottom: 141px !important;}\u00a0\u00bb][vc_column offset=\u00a0\u00bbvc_col-lg-offset-0 vc_col-lg-12 vc_col-md-offset-0 vc_col-md-12 vc_col-sm-offset-0&Prime;]<div class=\"mkdf-testimonials-holder clearfix mkdf-dark\">\n\n            <var class=\"mkdf-testimonials-background-text\" style=\"font-size:225px\">\n        They said        <\/var>\n    \n    <div class=\"mkdf-testimonials-mark\">&#8221;<\/div>\n    <div class=\"mkdf-testimonials mkdf-owl-slider\" data-number-of-items=\"1\" data-enable-loop=\"yes\" data-enable-autoplay=\"yes\" data-slider-speed=\"5000\" data-slider-speed-animation=\"600\" data-enable-navigation=\"no\" data-enable-pagination=\"yes\"  data-slider-animate-in=\"fadeInLeft\" data-slider-animate-out=\"fadeOutRight\">\n\n        \n                <div class=\"mkdf-testimonial-content\" id=\"mkdf-testimonials-319\">\n                    <div class=\"mkdf-testimonial-text-holder\">\n\n                                                    <h2 itemprop=\"name\" class=\"mkdf-testimonial-title entry-title\">T\u00e9moignage <\/h2>\n                        \n                                                    <h6 class=\"mkdf-testimonial-text\">Mon exp\u00e9rience avec Sophie f\u00fbt absolument extraordinaire, de mon essai coiffure \u00e0 la journ\u00e9e de mon mariage.  D\u00e8s mon premier contact avec elle, je me suis sentie en pleine confiance. Son \u00e9coute, sa disponibilit\u00e9 et sa bienveillance ont su faire toute la diff\u00e9rence tout au long de cette belle aventure.   Sophie nous a coiff\u00e9es dans le confort de ma maison, mon cort\u00e8ge et moi, et le service f\u00fbt exceptionnel. Je suis extr\u00eammement reconnaissance du temps qu&#039;elle nous a consacr\u00e9, alors qu&#039;elle a d\u00e9di\u00e9 plus de 6 heures \u00e0 nos coiffer ! Non seulement elle d\u00e9tient un grand talent, mais elle est surtout passionn\u00e9e par son m\u00e9tier et \u00e7a se sent. Elle est soucieuse des petits d\u00e9tails et d\u00e9sire sinc\u00e8rement qu&#039;on se sente belle pour cette grande journ\u00e9e qui marque nos vies.   Sophie, merci du fond du coeur pour ton temps, ton talent, et ton grand d\u00e9vouement. Je te recommande haut et fort \u00e0 toutes les futures mari\u00e9es !<\/h6>\n                        \n                                                    <h5 class=\"mkdf-testimonial-author\">\n                                <span class=\"mkdf-testimonials-author-name\">Cynthia Tass\u00e9<\/span>\n                                                                    <span class=\"mkdf-testimonials-author-job\"> &#x25CF; Cliente<\/span>\n                                                            <\/h5>\n                        \n                    <\/div>\n                <\/div>\n\n                \n                <div class=\"mkdf-testimonial-content\" id=\"mkdf-testimonials-307\">\n                    <div class=\"mkdf-testimonial-text-holder\">\n\n                                                    <h2 itemprop=\"name\" class=\"mkdf-testimonial-title entry-title\">T\u00e9moignage<\/h2>\n                        \n                                                    <h6 class=\"mkdf-testimonial-text\">Sophie est une entrepreneure, une amie et une artiste de grand c\u0153ur. Elle est non seulement dot\u00e9e d&#039;un talent remarquable, elle est aussi visionnaire, professionnelle, attentive, douce, gentille et travaillante. Ce n&#039;est pas un hasard que son entreprise \u00e0 le vent dans les voiles aujourd&#039;hui, et ce depuis plus de 10 ans. Je souhaite longue vie au salon de coiffure haut de gamme So Haut ainsi qu&#039;\u00e0 tous leurs futurs projets.<\/h6>\n                        \n                                                    <h5 class=\"mkdf-testimonial-author\">\n                                <span class=\"mkdf-testimonials-author-name\">Joanie Benoit<\/span>\n                                                                    <span class=\"mkdf-testimonials-author-job\"> &#x25CF; Gestionnaire des communications et du marketing chez Les Fondateurs et cliente de longue date<\/span>\n                                                            <\/h5>\n                        \n                    <\/div>\n                <\/div>\n\n                \n    <\/div>\n<\/div>[\/vc_column][\/vc_row]<\/p>\n<\/div>","protected":false},"excerpt":{"rendered":"<p>[vc_row row_content_width=\u00a0\u00bbgrid\u00a0\u00bb css=\u00a0\u00bb.vc_custom_1524127814150{padding-top: 141px !important;padding-bottom: 141px !important;}\u00a0\u00bb][vc_column offset=\u00a0\u00bbvc_col-lg-offset-0 vc_col-lg-12 vc_col-md-offset-0 vc_col-md-12 vc_col-sm-offset-0&Prime;][\/vc_column][\/vc_row]<\/p>\n","protected":false},"author":1,"featured_media":4833,"parent":0,"menu_order":0,"comment_status":"closed","ping_status":"closed","template":"","meta":[],"_links":{"self":[{"href":"https:\/\/sohaut.ca\/index.php\/wp-json\/wp\/v2\/pages\/4824"}],"collection":[{"href":"https:\/\/sohaut.ca\/index.php\/wp-json\/wp\/v2\/pages"}],"about":[{"href":"https:\/\/sohaut.ca\/index.php\/wp-json\/wp\/v2\/types\/page"}],"author":[{"embeddable":true,"href":"https:\/\/sohaut.ca\/index.php\/wp-json\/wp\/v2\/users\/1"}],"replies":[{"embeddable":true,"href":"https:\/\/sohaut.ca\/index.php\/wp-json\/wp\/v2\/comments?post=4824"}],"version-history":[{"count":3,"href":"https:\/\/sohaut.ca\/index.php\/wp-json\/wp\/v2\/pages\/4824\/revisions"}],"predecessor-version":[{"id":4834,"href":"https:\/\/sohaut.ca\/index.php\/wp-json\/wp\/v2\/pages\/4824\/revisions\/4834"}],"wp:featuredmedia":[{"embeddable":true,"href":"https:\/\/sohaut.ca\/index.php\/wp-json\/wp\/v2\/media\/4833"}],"wp:attachment":[{"href":"https:\/\/sohaut.ca\/index.php\/wp-json\/wp\/v2\/media?parent=4824"}],"curies":[{"name":"wp","href":"https:\/\/api.w.org\/{rel}","templated":true}]}}