{"id":4331,"date":"2020-03-28T18:14:30","date_gmt":"2020-03-28T18:14:30","guid":{"rendered":"http:\/\/sohaut.ca\/?post_type=product&#038;p=4331"},"modified":"2021-05-06T01:33:53","modified_gmt":"2021-05-06T01:33:53","slug":"one-united-traitement-multi-benefices-tout-en-un","status":"publish","type":"product","link":"https:\/\/sohaut.ca\/index.php\/product\/one-united-traitement-multi-benefices-tout-en-un\/","title":{"rendered":"One United Traitement Multi-Benefices Tout-En-Un"},"content":{"rendered":"","protected":false},"excerpt":{"rendered":"<p>D\u00c9FINITION: Le traitement multibienfait tout-en-un One United de Redken est un revitalisant sans rin\u00e7age en vaporisateur. Il prot\u00e8ge tous les types et textures de cheveux de la chaleur des appareils coiffants. Parmi les 25 avantages qu&rsquo;il offre, il am\u00e9liore la souplesse des cheveux, les prot\u00e8ge des dommages et aide \u00e0 les sublimer. Exempt de sulfate, paraben et cires lourdes, il donne des r\u00e9sultats instantan\u00e9s en toute l\u00e9g\u00e8ret\u00e9. Il contient de l&rsquo;huile de noix de coco pour pr\u00e9server l&rsquo;\u00e9clat des cheveux. One United peut \u00eatre utilis\u00e9 avec ou sans rin\u00e7age.<br \/>\nLivraison 5,00$ pour Gatineau, Cantley, Chelsea<\/p>\n","protected":false},"featured_media":4672,"comment_status":"open","ping_status":"closed","template":"","meta":[],"product_cat":[116],"product_tag":[],"_links":{"self":[{"href":"https:\/\/sohaut.ca\/index.php\/wp-json\/wp\/v2\/product\/4331"}],"collection":[{"href":"https:\/\/sohaut.ca\/index.php\/wp-json\/wp\/v2\/product"}],"about":[{"href":"https:\/\/sohaut.ca\/index.php\/wp-json\/wp\/v2\/types\/product"}],"replies":[{"embeddable":true,"href":"https:\/\/sohaut.ca\/index.php\/wp-json\/wp\/v2\/comments?post=4331"}],"wp:featuredmedia":[{"embeddable":true,"href":"https:\/\/sohaut.ca\/index.php\/wp-json\/wp\/v2\/media\/4672"}],"wp:attachment":[{"href":"https:\/\/sohaut.ca\/index.php\/wp-json\/wp\/v2\/media?parent=4331"}],"wp:term":[{"taxonomy":"product_cat","embeddable":true,"href":"https:\/\/sohaut.ca\/index.php\/wp-json\/wp\/v2\/product_cat?post=4331"},{"taxonomy":"product_tag","embeddable":true,"href":"https:\/\/sohaut.ca\/index.php\/wp-json\/wp\/v2\/product_tag?post=4331"}],"curies":[{"name":"wp","href":"https:\/\/api.w.org\/{rel}","templated":true}]}}