{"id":4346,"date":"2020-03-28T18:38:11","date_gmt":"2020-03-28T18:38:11","guid":{"rendered":"http:\/\/sohaut.ca\/?post_type=product&#038;p=4346"},"modified":"2021-05-06T01:26:17","modified_gmt":"2021-05-06T01:26:17","slug":"color-extend-blondage-masque-violet","status":"publish","type":"product","link":"https:\/\/sohaut.ca\/index.php\/product\/color-extend-blondage-masque-violet\/","title":{"rendered":"Color Extend Blondage Masque Violet"},"content":{"rendered":"","protected":false},"excerpt":{"rendered":"<p>UTILISATION : Apr\u00e8s avoir utilis\u00e9 le shampooing Color Extend Blondage, appliquer sur cheveux essor\u00e9s \u00e0 la serviette. Appliquer sur les cheveux en \u00e9vitant de toucher le cuir chevelu. Peigner pour r\u00e9partir la formule dans les cheveux. Laisser agir de 5 \u00e0 10 minutes, selon le degr\u00e9 de neutralisation d\u00e9sir\u00e9. 5 minutes pour une neutralisation l\u00e9g\u00e8re, 10 minutes pour une neutralisation maximale. Rinser soigneusement.<br \/>\nLivraison 5,00$ pour la r\u00e9gion Gatineau, Cantley, Chelsea<\/p>\n","protected":false},"featured_media":4671,"comment_status":"open","ping_status":"closed","template":"","meta":[],"product_cat":[116],"product_tag":[],"_links":{"self":[{"href":"https:\/\/sohaut.ca\/index.php\/wp-json\/wp\/v2\/product\/4346"}],"collection":[{"href":"https:\/\/sohaut.ca\/index.php\/wp-json\/wp\/v2\/product"}],"about":[{"href":"https:\/\/sohaut.ca\/index.php\/wp-json\/wp\/v2\/types\/product"}],"replies":[{"embeddable":true,"href":"https:\/\/sohaut.ca\/index.php\/wp-json\/wp\/v2\/comments?post=4346"}],"wp:featuredmedia":[{"embeddable":true,"href":"https:\/\/sohaut.ca\/index.php\/wp-json\/wp\/v2\/media\/4671"}],"wp:attachment":[{"href":"https:\/\/sohaut.ca\/index.php\/wp-json\/wp\/v2\/media?parent=4346"}],"wp:term":[{"taxonomy":"product_cat","embeddable":true,"href":"https:\/\/sohaut.ca\/index.php\/wp-json\/wp\/v2\/product_cat?post=4346"},{"taxonomy":"product_tag","embeddable":true,"href":"https:\/\/sohaut.ca\/index.php\/wp-json\/wp\/v2\/product_tag?post=4346"}],"curies":[{"name":"wp","href":"https:\/\/api.w.org\/{rel}","templated":true}]}}