{"id":4490,"date":"2020-12-09T18:23:15","date_gmt":"2020-12-09T18:23:15","guid":{"rendered":"https:\/\/sohaut.ca\/?post_type=product&#038;p=4490"},"modified":"2021-05-06T00:22:50","modified_gmt":"2021-05-06T00:22:50","slug":"apres-shampooing-color-extend-blondage-250ml","status":"publish","type":"product","link":"https:\/\/sohaut.ca\/index.php\/product\/apres-shampooing-color-extend-blondage-250ml\/","title":{"rendered":"APR\u00c8S-SHAMPOOING COLOR EXTEND BLONDAGE 250ML"},"content":{"rendered":"","protected":false},"excerpt":{"rendered":"<p dir=\"ltr\">\u2022 Renforce et fortifie les cheveux au coeur m\u00eame de la fibre gr\u00e2ce au complexe prot\u00e9ique aux trois acides<\/p>\n<p dir=\"ltr\">\u2022 Les pigments violets neutralisent les reflets cuivr\u00e9s ind\u00e9sirables<\/p>\n<p>*Livraison fixe \u00e0 5,00$ pour la region de Gatineau, Cantley, Chelsea<\/p>\n<p><em>**Les taxes sont incluses<\/em><\/p>\n","protected":false},"featured_media":4665,"comment_status":"open","ping_status":"closed","template":"","meta":[],"product_cat":[116,109],"product_tag":[],"_links":{"self":[{"href":"https:\/\/sohaut.ca\/index.php\/wp-json\/wp\/v2\/product\/4490"}],"collection":[{"href":"https:\/\/sohaut.ca\/index.php\/wp-json\/wp\/v2\/product"}],"about":[{"href":"https:\/\/sohaut.ca\/index.php\/wp-json\/wp\/v2\/types\/product"}],"replies":[{"embeddable":true,"href":"https:\/\/sohaut.ca\/index.php\/wp-json\/wp\/v2\/comments?post=4490"}],"wp:featuredmedia":[{"embeddable":true,"href":"https:\/\/sohaut.ca\/index.php\/wp-json\/wp\/v2\/media\/4665"}],"wp:attachment":[{"href":"https:\/\/sohaut.ca\/index.php\/wp-json\/wp\/v2\/media?parent=4490"}],"wp:term":[{"taxonomy":"product_cat","embeddable":true,"href":"https:\/\/sohaut.ca\/index.php\/wp-json\/wp\/v2\/product_cat?post=4490"},{"taxonomy":"product_tag","embeddable":true,"href":"https:\/\/sohaut.ca\/index.php\/wp-json\/wp\/v2\/product_tag?post=4490"}],"curies":[{"name":"wp","href":"https:\/\/api.w.org\/{rel}","templated":true}]}}