{"id":4492,"date":"2020-12-09T18:26:21","date_gmt":"2020-12-09T18:26:21","guid":{"rendered":"https:\/\/sohaut.ca\/?post_type=product&#038;p=4492"},"modified":"2021-05-06T16:01:13","modified_gmt":"2021-05-06T16:01:13","slug":"shampooing-color-extend-brownlights-300ml","status":"publish","type":"product","link":"https:\/\/sohaut.ca\/index.php\/product\/shampooing-color-extend-brownlights-300ml\/","title":{"rendered":"APRES-SHAMP COLOR EXTEND BROWNLIGHTS 300ML REDKEN"},"content":{"rendered":"","protected":false},"excerpt":{"rendered":"<p>D\u00c9FINITION : Apr\u00e8s-shampooing pour cheveux bruns PROPULS\u00c9 PAR LA SCIENCE : \u2022 Pigments bleus BI. Le syst\u00e8me Color Extend Brownlights \u2013 avec pigments bleus \u2013 aide \u00e0 neutraliser les reflets orange et cuivr\u00e9s ind\u00e9sirables des cheveux bruns color\u00e9s, m\u00e9ch\u00e9s ou naturels. \u2022 Alcools gras, glyc\u00e9rine, prot\u00e9ines v\u00e9g\u00e9tales UTILISATION : Utiliser comme r\u00e9gime capillaire complet avec le shampooing Color Extend Brownlights. En prenant soin de porter des gants protecteurs ad\u00e9quats, appliquer sur les cheveux mouill\u00e9s apr\u00e8s le shampooing. Laisser agir de 5 \u00e0 10 minutes. Rincer soigneusement.<\/p>\n<p>*Livraison fixe \u00e0 5,00$ pour Gatineau, Cantley, Chelsea<\/p>\n<p><em>**Les taxes sont incluses<\/em><\/p>\n","protected":false},"featured_media":4686,"comment_status":"open","ping_status":"closed","template":"","meta":[],"product_cat":[116,109],"product_tag":[],"_links":{"self":[{"href":"https:\/\/sohaut.ca\/index.php\/wp-json\/wp\/v2\/product\/4492"}],"collection":[{"href":"https:\/\/sohaut.ca\/index.php\/wp-json\/wp\/v2\/product"}],"about":[{"href":"https:\/\/sohaut.ca\/index.php\/wp-json\/wp\/v2\/types\/product"}],"replies":[{"embeddable":true,"href":"https:\/\/sohaut.ca\/index.php\/wp-json\/wp\/v2\/comments?post=4492"}],"wp:featuredmedia":[{"embeddable":true,"href":"https:\/\/sohaut.ca\/index.php\/wp-json\/wp\/v2\/media\/4686"}],"wp:attachment":[{"href":"https:\/\/sohaut.ca\/index.php\/wp-json\/wp\/v2\/media?parent=4492"}],"wp:term":[{"taxonomy":"product_cat","embeddable":true,"href":"https:\/\/sohaut.ca\/index.php\/wp-json\/wp\/v2\/product_cat?post=4492"},{"taxonomy":"product_tag","embeddable":true,"href":"https:\/\/sohaut.ca\/index.php\/wp-json\/wp\/v2\/product_tag?post=4492"}],"curies":[{"name":"wp","href":"https:\/\/api.w.org\/{rel}","templated":true}]}}