{"id":4494,"date":"2020-12-09T18:29:15","date_gmt":"2020-12-09T18:29:15","guid":{"rendered":"https:\/\/sohaut.ca\/?post_type=product&#038;p=4494"},"modified":"2021-05-06T16:03:00","modified_gmt":"2021-05-06T16:03:00","slug":"apres-shampoing-color-extend-brownlights-250ml","status":"publish","type":"product","link":"https:\/\/sohaut.ca\/index.php\/product\/apres-shampoing-color-extend-brownlights-250ml\/","title":{"rendered":"SHAMPOOING COLOR EXTEND BROWNLIGHTS 300ML REDKEN"},"content":{"rendered":"","protected":false},"excerpt":{"rendered":"<p>D\u00c9FINITION : Shampooing anti-reflets oranges pour cheveux bruns PROPULS\u00c9 PAR LA SCIENCE : \u2022 Pigments bleus BI. Le syst\u00e8me Color Extend Brownlights \u2013 avec pigments bleus \u2013 aide \u00e0 neutraliser les reflets orange et cuivr\u00e9s ind\u00e9sirables des cheveux bruns color\u00e9s, m\u00e9ch\u00e9s ou naturels. \u2022 Agents de surface non ioniques, anioniques et amphot\u00e8res, acide citrique, polyquaternium, humectants, prot\u00e9ines v\u00e9g\u00e9tales UTILISATION : Utiliser comme r\u00e9gime capillaire complet avec l\u2019apr\u00e8s-shampooing Color Extend Brownlights. En prenant soin de porter des gants protecteurs ad\u00e9quats, appliquer sur les cheveux mouill\u00e9s, faire mousser et laisser agir de 3 \u00e0 5 minutes. Rincer. Faire suivre de l\u2019apr\u00e8s-shampooing Color Extend Brownlights.<\/p>\n<p>*Livraison fixe \u00e0 5,00$ pour Gatineau, Cantley, Chelsea<\/p>\n<p><em>**Les taxes sont incluses<\/em><\/p>\n","protected":false},"featured_media":4685,"comment_status":"open","ping_status":"closed","template":"","meta":[],"product_cat":[116,108],"product_tag":[],"_links":{"self":[{"href":"https:\/\/sohaut.ca\/index.php\/wp-json\/wp\/v2\/product\/4494"}],"collection":[{"href":"https:\/\/sohaut.ca\/index.php\/wp-json\/wp\/v2\/product"}],"about":[{"href":"https:\/\/sohaut.ca\/index.php\/wp-json\/wp\/v2\/types\/product"}],"replies":[{"embeddable":true,"href":"https:\/\/sohaut.ca\/index.php\/wp-json\/wp\/v2\/comments?post=4494"}],"wp:featuredmedia":[{"embeddable":true,"href":"https:\/\/sohaut.ca\/index.php\/wp-json\/wp\/v2\/media\/4685"}],"wp:attachment":[{"href":"https:\/\/sohaut.ca\/index.php\/wp-json\/wp\/v2\/media?parent=4494"}],"wp:term":[{"taxonomy":"product_cat","embeddable":true,"href":"https:\/\/sohaut.ca\/index.php\/wp-json\/wp\/v2\/product_cat?post=4494"},{"taxonomy":"product_tag","embeddable":true,"href":"https:\/\/sohaut.ca\/index.php\/wp-json\/wp\/v2\/product_tag?post=4494"}],"curies":[{"name":"wp","href":"https:\/\/api.w.org\/{rel}","templated":true}]}}