{"id":4495,"date":"2020-12-09T18:31:22","date_gmt":"2020-12-09T18:31:22","guid":{"rendered":"https:\/\/sohaut.ca\/?post_type=product&#038;p=4495"},"modified":"2021-05-06T16:14:03","modified_gmt":"2021-05-06T16:14:03","slug":"shampooing-color-extend-graydiant-300ml","status":"publish","type":"product","link":"https:\/\/sohaut.ca\/index.php\/product\/shampooing-color-extend-graydiant-300ml\/","title":{"rendered":"SHAMPOOING COLOR EXTEND GRAYDIANT 300ML REDKEN"},"content":{"rendered":"","protected":false},"excerpt":{"rendered":"<p>D\u00c9FINITION : Shampooing anti-reflets jaunes pour cheveux gris et argent\u00e9s PROPULS\u00c9 PAR LA SCIENCE : \u2022 Syst\u00e8me argent Sv. Le syst\u00e8me Color Extend Graydiant \u2013 avec un syst\u00e8me de pigments argent \u2013 aide \u00e0 neutraliser les reflets jaunes ind\u00e9sirables et redonne de l\u2019\u00e9clat aux cheveux gris et argent. \u2022 Agents de surface amphot\u00e8res et anioniques, EDTA, acide citrique, glycols, acides amin\u00e9s, arginine UTILISATION : Utiliser comme r\u00e9gime capillaire complet avec l\u2019apr\u00e8s-shampooing Color Extend Graydiant. En prenant soin de porter des gants protecteurs ad\u00e9quats, appliquer sur les cheveux mouill\u00e9s, faire mousser, puis rincer. R\u00e9p\u00e9ter au besoin. Pour un r\u00e9sultat optimal, laisser agir la deuxi\u00e8me mousse de 3 \u00e0 5 minutes. Rincer. Faire suivre de l\u2019apr\u00e8s-shampooing Color Extend Graydiant.<\/p>\n<p>*Livraison fixe \u00e0 5,00$ pour Gatineau, Cantley, Chelsea<\/p>\n<p><em>**Les taxes sont incluses<\/em><\/p>\n","protected":false},"featured_media":4690,"comment_status":"open","ping_status":"closed","template":"","meta":[],"product_cat":[116,108],"product_tag":[],"_links":{"self":[{"href":"https:\/\/sohaut.ca\/index.php\/wp-json\/wp\/v2\/product\/4495"}],"collection":[{"href":"https:\/\/sohaut.ca\/index.php\/wp-json\/wp\/v2\/product"}],"about":[{"href":"https:\/\/sohaut.ca\/index.php\/wp-json\/wp\/v2\/types\/product"}],"replies":[{"embeddable":true,"href":"https:\/\/sohaut.ca\/index.php\/wp-json\/wp\/v2\/comments?post=4495"}],"wp:featuredmedia":[{"embeddable":true,"href":"https:\/\/sohaut.ca\/index.php\/wp-json\/wp\/v2\/media\/4690"}],"wp:attachment":[{"href":"https:\/\/sohaut.ca\/index.php\/wp-json\/wp\/v2\/media?parent=4495"}],"wp:term":[{"taxonomy":"product_cat","embeddable":true,"href":"https:\/\/sohaut.ca\/index.php\/wp-json\/wp\/v2\/product_cat?post=4495"},{"taxonomy":"product_tag","embeddable":true,"href":"https:\/\/sohaut.ca\/index.php\/wp-json\/wp\/v2\/product_tag?post=4495"}],"curies":[{"name":"wp","href":"https:\/\/api.w.org\/{rel}","templated":true}]}}