{"id":4499,"date":"2020-12-09T18:38:28","date_gmt":"2020-12-09T18:38:28","guid":{"rendered":"https:\/\/sohaut.ca\/?post_type=product&#038;p=4499"},"modified":"2021-05-07T16:52:50","modified_gmt":"2021-05-07T16:52:50","slug":"apres-shampooing-color-extend-magnetics-250ml","status":"publish","type":"product","link":"https:\/\/sohaut.ca\/index.php\/product\/apres-shampooing-color-extend-magnetics-250ml\/","title":{"rendered":"APRES-SHAMPOOING COLOR EXTEND MAGNETICS 300ML REDKEN"},"content":{"rendered":"<p>PROPULS\u00c9 PAR LA SCIENCE : \u2022 Ph tr\u00e8s acide : 3,5-4,5 \u2022 Les soins du syst\u00e8me Color Extend Magnetics sont acides, ce qui aide \u00e0 \u00e9quilibrer le niveau de ph des cheveux et \u00e0 pr\u00e9server la couleur et l\u2019\u00e9clat de la coloration professionnelle entre les services en salon. \u2022 Agents de surface cationiques et glyc\u00e9rine UTILISATION : Utiliser comme un r\u00e9gime capillaire complet avec le shampooing Color Extend Magnetics. Apr\u00e8s le shampooing, appliquer et r\u00e9partir sur les cheveux. Rincer.<\/p>\n","protected":false},"excerpt":{"rendered":"<p>Apr\u00e8s-shampooing doux pour cheveux color\u00e9s<\/p>\n<p>*Livraison fixe \u00e0 5,00 pour Gatineau, Cantley, Chelsea<\/p>\n<p><em>**Les taxes sont incluses<\/em><\/p>\n","protected":false},"featured_media":4713,"comment_status":"open","ping_status":"closed","template":"","meta":[],"product_cat":[116,109],"product_tag":[],"_links":{"self":[{"href":"https:\/\/sohaut.ca\/index.php\/wp-json\/wp\/v2\/product\/4499"}],"collection":[{"href":"https:\/\/sohaut.ca\/index.php\/wp-json\/wp\/v2\/product"}],"about":[{"href":"https:\/\/sohaut.ca\/index.php\/wp-json\/wp\/v2\/types\/product"}],"replies":[{"embeddable":true,"href":"https:\/\/sohaut.ca\/index.php\/wp-json\/wp\/v2\/comments?post=4499"}],"wp:featuredmedia":[{"embeddable":true,"href":"https:\/\/sohaut.ca\/index.php\/wp-json\/wp\/v2\/media\/4713"}],"wp:attachment":[{"href":"https:\/\/sohaut.ca\/index.php\/wp-json\/wp\/v2\/media?parent=4499"}],"wp:term":[{"taxonomy":"product_cat","embeddable":true,"href":"https:\/\/sohaut.ca\/index.php\/wp-json\/wp\/v2\/product_cat?post=4499"},{"taxonomy":"product_tag","embeddable":true,"href":"https:\/\/sohaut.ca\/index.php\/wp-json\/wp\/v2\/product_tag?post=4499"}],"curies":[{"name":"wp","href":"https:\/\/api.w.org\/{rel}","templated":true}]}}