{"id":4501,"date":"2020-12-09T18:45:25","date_gmt":"2020-12-09T18:45:25","guid":{"rendered":"https:\/\/sohaut.ca\/?post_type=product&#038;p=4501"},"modified":"2021-05-06T23:02:04","modified_gmt":"2021-05-06T23:02:04","slug":"apres-shampooing-all-soft-250ml","status":"publish","type":"product","link":"https:\/\/sohaut.ca\/index.php\/product\/apres-shampooing-all-soft-250ml\/","title":{"rendered":"APRES-SHAMPOOING ALL SOFT 300ML REDKEN"},"content":{"rendered":"<p>PROPULS\u00c9 PAR LA SCIENCE : \u2022 5 % complexe hydratant \u2022 Le syst\u00e8me all soft \u2013 avec huile d\u2019argan (huile v\u00e9g\u00e9tale) + complexe hydratant concentr\u00e9 \u2013 aide \u00e0 hydrater et revitaliser les cheveux \u2022 Huile d\u2019argan et polym\u00e8res cationiques revitalisants UTILISATION : Utiliser comme r\u00e9gime capillaire complet avec le shampooing et l&rsquo;huile Argan-6 All Soft. Apr\u00e8s le shampooing, appliquer et r\u00e9partir sur les cheveux. Rincer. Faire suivre de l&rsquo;huile Argan-6.<\/p>\n","protected":false},"excerpt":{"rendered":"<p dir=\"ltr\">D\u00c9FINITION : Apr\u00e8s-shampooing hydratant pour cheveux secs et cassants<\/p>\n<p dir=\"ltr\">*Livraison fixe \u00e0 5,00$ pour Gatineau, Cantley, Chelsea<\/p>\n<p><em>**Les taxes sont incluses<\/em><\/p>\n","protected":false},"featured_media":4709,"comment_status":"open","ping_status":"closed","template":"","meta":[],"product_cat":[116,109],"product_tag":[],"_links":{"self":[{"href":"https:\/\/sohaut.ca\/index.php\/wp-json\/wp\/v2\/product\/4501"}],"collection":[{"href":"https:\/\/sohaut.ca\/index.php\/wp-json\/wp\/v2\/product"}],"about":[{"href":"https:\/\/sohaut.ca\/index.php\/wp-json\/wp\/v2\/types\/product"}],"replies":[{"embeddable":true,"href":"https:\/\/sohaut.ca\/index.php\/wp-json\/wp\/v2\/comments?post=4501"}],"wp:featuredmedia":[{"embeddable":true,"href":"https:\/\/sohaut.ca\/index.php\/wp-json\/wp\/v2\/media\/4709"}],"wp:attachment":[{"href":"https:\/\/sohaut.ca\/index.php\/wp-json\/wp\/v2\/media?parent=4501"}],"wp:term":[{"taxonomy":"product_cat","embeddable":true,"href":"https:\/\/sohaut.ca\/index.php\/wp-json\/wp\/v2\/product_cat?post=4501"},{"taxonomy":"product_tag","embeddable":true,"href":"https:\/\/sohaut.ca\/index.php\/wp-json\/wp\/v2\/product_tag?post=4501"}],"curies":[{"name":"wp","href":"https:\/\/api.w.org\/{rel}","templated":true}]}}