{"id":4502,"date":"2020-12-09T18:48:42","date_gmt":"2020-12-09T18:48:42","guid":{"rendered":"https:\/\/sohaut.ca\/?post_type=product&#038;p=4502"},"modified":"2020-12-09T18:48:42","modified_gmt":"2020-12-09T18:48:42","slug":"mega-mask-all-soft-mega-200ml","status":"publish","type":"product","link":"https:\/\/sohaut.ca\/index.php\/product\/mega-mask-all-soft-mega-200ml\/","title":{"rendered":"MEGA MASK ALL SOFT MEGA 200ML"},"content":{"rendered":"","protected":false},"excerpt":{"rendered":"<ul>\n<li style=\"font-weight: 400;\"><span style=\"font-weight: 400;\">Ce masque qui se rince \u00e0 l\u2019eau est une formule double combinant la revitalisation en profondeur d\u2019un masque aux bienfaits durables d\u2019un prolongateur de soin<\/span><\/li>\n<li style=\"font-weight: 400;\"><span style=\"font-weight: 400;\"><span style=\"font-weight: 400;\">Le masque nourrit les cheveux de fa\u00e7on \u00e0 les rendre m\u00e9ga doux jusqu\u2019\u00e0 trois shampooings\n<p>*Livraison fixe \u00e0 5,00$<br \/>\n<\/span><\/span><em>**Les taxes sont incluses<\/em><\/li>\n<\/ul>\n","protected":false},"featured_media":4467,"comment_status":"open","ping_status":"closed","template":"","meta":[],"product_cat":[80,110,123,116],"product_tag":[],"_links":{"self":[{"href":"https:\/\/sohaut.ca\/index.php\/wp-json\/wp\/v2\/product\/4502"}],"collection":[{"href":"https:\/\/sohaut.ca\/index.php\/wp-json\/wp\/v2\/product"}],"about":[{"href":"https:\/\/sohaut.ca\/index.php\/wp-json\/wp\/v2\/types\/product"}],"replies":[{"embeddable":true,"href":"https:\/\/sohaut.ca\/index.php\/wp-json\/wp\/v2\/comments?post=4502"}],"wp:featuredmedia":[{"embeddable":true,"href":"https:\/\/sohaut.ca\/index.php\/wp-json\/wp\/v2\/media\/4467"}],"wp:attachment":[{"href":"https:\/\/sohaut.ca\/index.php\/wp-json\/wp\/v2\/media?parent=4502"}],"wp:term":[{"taxonomy":"product_cat","embeddable":true,"href":"https:\/\/sohaut.ca\/index.php\/wp-json\/wp\/v2\/product_cat?post=4502"},{"taxonomy":"product_tag","embeddable":true,"href":"https:\/\/sohaut.ca\/index.php\/wp-json\/wp\/v2\/product_tag?post=4502"}],"curies":[{"name":"wp","href":"https:\/\/api.w.org\/{rel}","templated":true}]}}