{"id":4506,"date":"2020-12-09T18:59:26","date_gmt":"2020-12-09T18:59:26","guid":{"rendered":"https:\/\/sohaut.ca\/?post_type=product&#038;p=4506"},"modified":"2021-05-06T16:36:38","modified_gmt":"2021-05-06T16:36:38","slug":"shampooing-extreme-bleach-recovery-290ml","status":"publish","type":"product","link":"https:\/\/sohaut.ca\/index.php\/product\/shampooing-extreme-bleach-recovery-290ml\/","title":{"rendered":"SHAMPOOING EXTREME BLEACH RECOVERY 300ML REDKEN"},"content":{"rendered":"<p>D\u00c9FINITION : Shampooing qui r\u00e9pare en douceur les cheveux fragilis\u00e9s et d\u00e9color\u00e9s PROPULS\u00c9 PAR LA SCIENCE : \u2022 4 % doux complexe revitalisant. Le syst\u00e8me Extreme Bleach Recovery \u2013 avec centella asiatica (plante m\u00e9dicinale) + doux complexe revitalisant concentr\u00e9 \u2013 aide \u00e0 renforcer les cheveux et \u00e0 retrouver une apparence saine d\u2019un service de coloration \u00e0 l\u2019autre. \u2022 Agents de surface anioniques, amphot\u00e8res, acide citrique, humectants, polym\u00e8res cationiques revitalisants, extrait de cica UTILISATION : Pour une routine compl\u00e8te, utiliser avec le traitement lamellaire et la Cica Cr\u00e8me Extreme Bleach Recovery. Appliquer sur les cheveux mouill\u00e9s, masser pour faire mousser, puis rincer. Faire suivre du traitement lamellaire et de la Cica Cr\u00e8me Extreme Bleach Recovery.<\/p>\n<p>Livraison 5,00$ pour Gatineau, Cantley, Chelsea<\/p>\n","protected":false},"excerpt":{"rendered":"<hr \/>\n<ul>\n<li>Formule ultra-douce qui combat les dommages et la s\u00e9cheresse caus\u00e9s par la d\u00e9coloration au niveau de la cuticule afin d&rsquo;adoucir et de r\u00e9parer les cheveux instantan\u00e9ment.*Livraison fixe \u00e0 5,00$<em>**Les taxes sont incluses<\/em><\/li>\n<\/ul>\n","protected":false},"featured_media":4696,"comment_status":"open","ping_status":"closed","template":"","meta":[],"product_cat":[116,108],"product_tag":[],"_links":{"self":[{"href":"https:\/\/sohaut.ca\/index.php\/wp-json\/wp\/v2\/product\/4506"}],"collection":[{"href":"https:\/\/sohaut.ca\/index.php\/wp-json\/wp\/v2\/product"}],"about":[{"href":"https:\/\/sohaut.ca\/index.php\/wp-json\/wp\/v2\/types\/product"}],"replies":[{"embeddable":true,"href":"https:\/\/sohaut.ca\/index.php\/wp-json\/wp\/v2\/comments?post=4506"}],"wp:featuredmedia":[{"embeddable":true,"href":"https:\/\/sohaut.ca\/index.php\/wp-json\/wp\/v2\/media\/4696"}],"wp:attachment":[{"href":"https:\/\/sohaut.ca\/index.php\/wp-json\/wp\/v2\/media?parent=4506"}],"wp:term":[{"taxonomy":"product_cat","embeddable":true,"href":"https:\/\/sohaut.ca\/index.php\/wp-json\/wp\/v2\/product_cat?post=4506"},{"taxonomy":"product_tag","embeddable":true,"href":"https:\/\/sohaut.ca\/index.php\/wp-json\/wp\/v2\/product_tag?post=4506"}],"curies":[{"name":"wp","href":"https:\/\/api.w.org\/{rel}","templated":true}]}}