{"id":4508,"date":"2020-12-09T19:02:49","date_gmt":"2020-12-09T19:02:49","guid":{"rendered":"https:\/\/sohaut.ca\/?post_type=product&#038;p=4508"},"modified":"2021-05-06T22:25:41","modified_gmt":"2021-05-06T22:25:41","slug":"apres-shampooing-extreme-length-250ml","status":"publish","type":"product","link":"https:\/\/sohaut.ca\/index.php\/product\/apres-shampooing-extreme-length-250ml\/","title":{"rendered":"APRES-SHAMPOOING EXTREME 300ML REDKEN"},"content":{"rendered":"<p>PROPULS\u00c9 PAR LA SCIENCE : \u2022 4 % complexe fortifiant. Les cheveux sont essentiellement compos\u00e9s de prot\u00e9ines qui sont elles-m\u00eames compos\u00e9es de k\u00e9ratine et d&rsquo;acides amin\u00e9s qui peuvent s&rsquo;affaiblir avec le temps. \u00c0 base de prot\u00e9ines, le syst\u00e8me Extreme aide \u00e0 renforcer les cheveux endommag\u00e9s et \u00e0 contribuer \u00e0 la bonne sant\u00e9 des cheveux. \u2022 Ester, quaternium, \u00e9mollients, dim\u00e9thicone, glyc\u00e9rine, alcools gras, acides amin\u00e9s, arginine, prot\u00e9ines v\u00e9g\u00e9tales, acide citrique UTILISATION : Utiliser comme r\u00e9gime capillaire complet avec le shampooing et le traitement Anti-Snap Extreme. Apr\u00e8s le shampooing, appliquer et r\u00e9partir sur les cheveux. Rincer. Faire suivre du traitement Anti-Snap.<\/p>\n","protected":false},"excerpt":{"rendered":"<p>Apr\u00e8s-shampooing qui renforce et r\u00e9pare les cheveux ab\u00eem\u00e9s<\/p>\n<p>*Livraison fixe \u00e0 5,00$ pour Gatineau, Cantley, Chelsea<\/p>\n<p><em>**Les taxes sont incluses<\/em><\/p>\n","protected":false},"featured_media":4697,"comment_status":"open","ping_status":"closed","template":"","meta":[],"product_cat":[116,109],"product_tag":[],"_links":{"self":[{"href":"https:\/\/sohaut.ca\/index.php\/wp-json\/wp\/v2\/product\/4508"}],"collection":[{"href":"https:\/\/sohaut.ca\/index.php\/wp-json\/wp\/v2\/product"}],"about":[{"href":"https:\/\/sohaut.ca\/index.php\/wp-json\/wp\/v2\/types\/product"}],"replies":[{"embeddable":true,"href":"https:\/\/sohaut.ca\/index.php\/wp-json\/wp\/v2\/comments?post=4508"}],"wp:featuredmedia":[{"embeddable":true,"href":"https:\/\/sohaut.ca\/index.php\/wp-json\/wp\/v2\/media\/4697"}],"wp:attachment":[{"href":"https:\/\/sohaut.ca\/index.php\/wp-json\/wp\/v2\/media?parent=4508"}],"wp:term":[{"taxonomy":"product_cat","embeddable":true,"href":"https:\/\/sohaut.ca\/index.php\/wp-json\/wp\/v2\/product_cat?post=4508"},{"taxonomy":"product_tag","embeddable":true,"href":"https:\/\/sohaut.ca\/index.php\/wp-json\/wp\/v2\/product_tag?post=4508"}],"curies":[{"name":"wp","href":"https:\/\/api.w.org\/{rel}","templated":true}]}}