{"id":4513,"date":"2020-12-09T19:10:25","date_gmt":"2020-12-09T19:10:25","guid":{"rendered":"https:\/\/sohaut.ca\/?post_type=product&#038;p=4513"},"modified":"2021-05-06T02:11:23","modified_gmt":"2021-05-06T02:11:23","slug":"shampooing-high-rise-volume-300ml","status":"publish","type":"product","link":"https:\/\/sohaut.ca\/index.php\/product\/shampooing-high-rise-volume-300ml\/","title":{"rendered":"SHAMPOOING VOLUME INJECTION 300ML REDKEN"},"content":{"rendered":"","protected":false},"excerpt":{"rendered":"<p>D\u00c9FINITION : Shampooing volume pour cheveux fins, plats ou trait\u00e9s. PROPULS\u00c9 PAR LA SCIENCE : 1% complexe volumisant Le syst\u00e8me volume injection \u2013 avec filloxane (silicone) + complexe volumisant concentr\u00e9 \u2013 aide \u00e0 procurer un volume instantan\u00e9 aux cheveux fins, plats ou trait\u00e9s. Filloxane, acide citrique et hydroxyde de sodium. UTILISATION : Appliquer sur les cheveux mouill\u00e9s, masser pour faire mousser, puis rincer. Faire suivre de l\u2019apr\u00e8s-shampooing Volume Injection l\u00e9ger volumisant.<\/p>\n<ul>\n<li dir=\"ltr\">*Livraison fixe \u00e0 5,00$<em>**Les taxes sont incluses<\/em><\/li>\n<\/ul>\n","protected":false},"featured_media":4678,"comment_status":"open","ping_status":"closed","template":"","meta":[],"product_cat":[80,116,108],"product_tag":[],"_links":{"self":[{"href":"https:\/\/sohaut.ca\/index.php\/wp-json\/wp\/v2\/product\/4513"}],"collection":[{"href":"https:\/\/sohaut.ca\/index.php\/wp-json\/wp\/v2\/product"}],"about":[{"href":"https:\/\/sohaut.ca\/index.php\/wp-json\/wp\/v2\/types\/product"}],"replies":[{"embeddable":true,"href":"https:\/\/sohaut.ca\/index.php\/wp-json\/wp\/v2\/comments?post=4513"}],"wp:featuredmedia":[{"embeddable":true,"href":"https:\/\/sohaut.ca\/index.php\/wp-json\/wp\/v2\/media\/4678"}],"wp:attachment":[{"href":"https:\/\/sohaut.ca\/index.php\/wp-json\/wp\/v2\/media?parent=4513"}],"wp:term":[{"taxonomy":"product_cat","embeddable":true,"href":"https:\/\/sohaut.ca\/index.php\/wp-json\/wp\/v2\/product_cat?post=4513"},{"taxonomy":"product_tag","embeddable":true,"href":"https:\/\/sohaut.ca\/index.php\/wp-json\/wp\/v2\/product_tag?post=4513"}],"curies":[{"name":"wp","href":"https:\/\/api.w.org\/{rel}","templated":true}]}}