{"id":4514,"date":"2020-12-09T19:11:46","date_gmt":"2020-12-09T19:11:46","guid":{"rendered":"https:\/\/sohaut.ca\/?post_type=product&#038;p=4514"},"modified":"2024-07-09T19:25:54","modified_gmt":"2024-07-09T19:25:54","slug":"apres-shampooing-high-rise-volume-250ml","status":"publish","type":"product","link":"https:\/\/sohaut.ca\/index.php\/product\/apres-shampooing-high-rise-volume-250ml\/","title":{"rendered":"APRES-SHAMPOOING VOLUME INJECTION 300ML REDKEN"},"content":{"rendered":"","protected":false},"excerpt":{"rendered":"<p dir=\"ltr\" role=\"presentation\">D\u00c9FINITION : Apr\u00e8s-shampooing volume tout en l\u00e9g\u00e8ret\u00e9 pour cheveux fins, plats ou trait\u00e9s. PROPULS\u00c9 PAR LA SCIENCE : 2 % complexe volumisant Le syst\u00e8me volume injection \u2013 avec filloxane (silicone) + complexe volumisant concentr\u00e9 \u2013 aide \u00e0 procurer un volume instantan\u00e9 aux cheveux fins, plats ou trait\u00e9s. Filloxane, ac\u00e9tate d\u2019amidon. UTILISATION : Apr\u00e8s le shampooing Volume Injection, appliquer et r\u00e9partir dans la chevelure. Rincer.<\/p>\n<ul>\n<li dir=\"ltr\">*Livraison fixe \u00e0 5,00$ Gatineau, Cantley, Chelsea<em>**Les taxes sont incluses<\/em><\/li>\n<\/ul>\n","protected":false},"featured_media":4675,"comment_status":"open","ping_status":"closed","template":"","meta":[],"product_cat":[116,109],"product_tag":[],"_links":{"self":[{"href":"https:\/\/sohaut.ca\/index.php\/wp-json\/wp\/v2\/product\/4514"}],"collection":[{"href":"https:\/\/sohaut.ca\/index.php\/wp-json\/wp\/v2\/product"}],"about":[{"href":"https:\/\/sohaut.ca\/index.php\/wp-json\/wp\/v2\/types\/product"}],"replies":[{"embeddable":true,"href":"https:\/\/sohaut.ca\/index.php\/wp-json\/wp\/v2\/comments?post=4514"}],"wp:featuredmedia":[{"embeddable":true,"href":"https:\/\/sohaut.ca\/index.php\/wp-json\/wp\/v2\/media\/4675"}],"wp:attachment":[{"href":"https:\/\/sohaut.ca\/index.php\/wp-json\/wp\/v2\/media?parent=4514"}],"wp:term":[{"taxonomy":"product_cat","embeddable":true,"href":"https:\/\/sohaut.ca\/index.php\/wp-json\/wp\/v2\/product_cat?post=4514"},{"taxonomy":"product_tag","embeddable":true,"href":"https:\/\/sohaut.ca\/index.php\/wp-json\/wp\/v2\/product_tag?post=4514"}],"curies":[{"name":"wp","href":"https:\/\/api.w.org\/{rel}","templated":true}]}}