{"id":4518,"date":"2020-12-09T19:21:51","date_gmt":"2020-12-09T19:21:51","guid":{"rendered":"https:\/\/sohaut.ca\/?post_type=product&#038;p=4518"},"modified":"2020-12-09T19:21:51","modified_gmt":"2020-12-09T19:21:51","slug":"creme-reparatrice-sans-rincage-no-6-100ml","status":"publish","type":"product","link":"https:\/\/sohaut.ca\/index.php\/product\/creme-reparatrice-sans-rincage-no-6-100ml\/","title":{"rendered":"CR\u00c8ME R\u00c9PARATRICE SANS RIN\u00c7AGE NO.6 100ML"},"content":{"rendered":"","protected":false},"excerpt":{"rendered":"<ul>\n<li>Tr\u00e8s concentr\u00e9e, ultra l\u00e9g\u00e8re, l&rsquo;huile de coiffage r\u00e9paratrice augmente consid\u00e9rablement la brillance, ajoute douceur et force, et am\u00e9liore tous les types et textures de cheveux. Lorsqu&rsquo;il est utilis\u00e9 avec tout appareil de coiffage thermique le N \u00b07 offre une protection contre la chaleur jusqu&rsquo;\u00e0 230 \u00b0 C \/ 450 \u00b0 F.\n<p>*Livraison fixe \u00e0 5,00$<\/p>\n<p><em>**Les taxes sont incluses<\/em><\/li>\n<\/ul>\n","protected":false},"featured_media":4454,"comment_status":"open","ping_status":"closed","template":"","meta":[],"product_cat":[80,123,124],"product_tag":[],"_links":{"self":[{"href":"https:\/\/sohaut.ca\/index.php\/wp-json\/wp\/v2\/product\/4518"}],"collection":[{"href":"https:\/\/sohaut.ca\/index.php\/wp-json\/wp\/v2\/product"}],"about":[{"href":"https:\/\/sohaut.ca\/index.php\/wp-json\/wp\/v2\/types\/product"}],"replies":[{"embeddable":true,"href":"https:\/\/sohaut.ca\/index.php\/wp-json\/wp\/v2\/comments?post=4518"}],"wp:featuredmedia":[{"embeddable":true,"href":"https:\/\/sohaut.ca\/index.php\/wp-json\/wp\/v2\/media\/4454"}],"wp:attachment":[{"href":"https:\/\/sohaut.ca\/index.php\/wp-json\/wp\/v2\/media?parent=4518"}],"wp:term":[{"taxonomy":"product_cat","embeddable":true,"href":"https:\/\/sohaut.ca\/index.php\/wp-json\/wp\/v2\/product_cat?post=4518"},{"taxonomy":"product_tag","embeddable":true,"href":"https:\/\/sohaut.ca\/index.php\/wp-json\/wp\/v2\/product_tag?post=4518"}],"curies":[{"name":"wp","href":"https:\/\/api.w.org\/{rel}","templated":true}]}}