{"id":4520,"date":"2020-12-09T20:40:11","date_gmt":"2020-12-09T20:40:11","guid":{"rendered":"https:\/\/sohaut.ca\/?post_type=product&#038;p=4520"},"modified":"2024-10-23T01:56:01","modified_gmt":"2024-10-23T01:56:01","slug":"brosse-volumisante-marbre-rose1000w-aria","status":"publish","type":"product","link":"https:\/\/sohaut.ca\/index.php\/product\/brosse-volumisante-marbre-rose1000w-aria\/","title":{"rendered":"BROSSE VOLUMISANTE MARBRE ROSE1000W ARIA"},"content":{"rendered":"","protected":false},"excerpt":{"rendered":"<ul>\n<li>L\u00e9g\u00e8re et facile \u00e0 utiliser, la brosse vous permet de choisir votre vitesse et votre r\u00e9glage de chaleur optimaux. Laissez cet outil tout-en-un faire le travail de coiffage \u00e0 votre place &#8230; Plus besoin de jongler avec votre s\u00e8che-cheveux et votre brosse ronde!*Livraison fixe \u00e0 5,00$\n<p><em>**Les taxes sont incluses<\/em><\/li>\n<\/ul>\n","protected":false},"featured_media":4523,"comment_status":"open","ping_status":"closed","template":"","meta":[],"product_cat":[82,125,110],"product_tag":[],"_links":{"self":[{"href":"https:\/\/sohaut.ca\/index.php\/wp-json\/wp\/v2\/product\/4520"}],"collection":[{"href":"https:\/\/sohaut.ca\/index.php\/wp-json\/wp\/v2\/product"}],"about":[{"href":"https:\/\/sohaut.ca\/index.php\/wp-json\/wp\/v2\/types\/product"}],"replies":[{"embeddable":true,"href":"https:\/\/sohaut.ca\/index.php\/wp-json\/wp\/v2\/comments?post=4520"}],"wp:featuredmedia":[{"embeddable":true,"href":"https:\/\/sohaut.ca\/index.php\/wp-json\/wp\/v2\/media\/4523"}],"wp:attachment":[{"href":"https:\/\/sohaut.ca\/index.php\/wp-json\/wp\/v2\/media?parent=4520"}],"wp:term":[{"taxonomy":"product_cat","embeddable":true,"href":"https:\/\/sohaut.ca\/index.php\/wp-json\/wp\/v2\/product_cat?post=4520"},{"taxonomy":"product_tag","embeddable":true,"href":"https:\/\/sohaut.ca\/index.php\/wp-json\/wp\/v2\/product_tag?post=4520"}],"curies":[{"name":"wp","href":"https:\/\/api.w.org\/{rel}","templated":true}]}}