{"id":4669,"date":"2021-05-06T00:46:53","date_gmt":"2021-05-06T00:46:53","guid":{"rendered":"https:\/\/sohaut.ca\/?post_type=product&#038;p=4669"},"modified":"2021-05-06T00:46:53","modified_gmt":"2021-05-06T00:46:53","slug":"shampooing-color-extend-blondage-1l-redken","status":"publish","type":"product","link":"https:\/\/sohaut.ca\/index.php\/product\/shampooing-color-extend-blondage-1l-redken\/","title":{"rendered":"SHAMPOOING COLOR EXTEND BLONDAGE 1L REDKEN"},"content":{"rendered":"","protected":false},"excerpt":{"rendered":"<p>PROPULS\u00c9 PAR LA SCIENCE : \u2022 Pigments violets vi \u2022 Le syst\u00e8me Color Extend Blondage \u2013 avec pigments violets \u2013 aide \u00e0 neutraliser instantan\u00e9ment les reflets jaunes et cuivr\u00e9s ind\u00e9sirables des cheveux blonds \u2022 Agents de surface cationiques, amphot\u00e8res, acide salicylique, combinaison de polyquaternium et acides amin\u00e9s<br \/>\nLivraison 5,00$ pour la r\u00e9gion Gatineau, Cantley, Chelsea<\/p>\n","protected":false},"featured_media":4670,"comment_status":"open","ping_status":"closed","template":"","meta":[],"product_cat":[116,108],"product_tag":[],"_links":{"self":[{"href":"https:\/\/sohaut.ca\/index.php\/wp-json\/wp\/v2\/product\/4669"}],"collection":[{"href":"https:\/\/sohaut.ca\/index.php\/wp-json\/wp\/v2\/product"}],"about":[{"href":"https:\/\/sohaut.ca\/index.php\/wp-json\/wp\/v2\/types\/product"}],"replies":[{"embeddable":true,"href":"https:\/\/sohaut.ca\/index.php\/wp-json\/wp\/v2\/comments?post=4669"}],"wp:featuredmedia":[{"embeddable":true,"href":"https:\/\/sohaut.ca\/index.php\/wp-json\/wp\/v2\/media\/4670"}],"wp:attachment":[{"href":"https:\/\/sohaut.ca\/index.php\/wp-json\/wp\/v2\/media?parent=4669"}],"wp:term":[{"taxonomy":"product_cat","embeddable":true,"href":"https:\/\/sohaut.ca\/index.php\/wp-json\/wp\/v2\/product_cat?post=4669"},{"taxonomy":"product_tag","embeddable":true,"href":"https:\/\/sohaut.ca\/index.php\/wp-json\/wp\/v2\/product_tag?post=4669"}],"curies":[{"name":"wp","href":"https:\/\/api.w.org\/{rel}","templated":true}]}}