{"id":4673,"date":"2021-05-06T01:41:50","date_gmt":"2021-05-06T01:41:50","guid":{"rendered":"https:\/\/sohaut.ca\/?post_type=product&#038;p=4673"},"modified":"2024-11-11T00:09:58","modified_gmt":"2024-11-11T00:09:58","slug":"creme-rebel-tame-frizz-dismiss-250ml-redken","status":"publish","type":"product","link":"https:\/\/sohaut.ca\/index.php\/product\/creme-rebel-tame-frizz-dismiss-250ml-redken\/","title":{"rendered":"CREME REBEL TAME FRIZZ DISMISS 250ML REDKEN"},"content":{"rendered":"","protected":false},"excerpt":{"rendered":"<p>D\u00c9FINITION : Cr\u00e8me lissage, protection thermique sans rin\u00e7age. PROPULS\u00c9 PAR LA SCIENCE : Protection thermique jusqu\u2019\u00e0 450 \u00b0f. Prot\u00e8ge des dommages m\u00e9caniques. Agents de surface cationiques, silicone et humectants avec huile de babassu. UTILISATION : Utiliser comme r\u00e9gime capillaire complet avec le shampooing et l\u2019apr\u00e8s-shampooing Frizz Dismiss. Appliquer sur les cheveux propres et essor\u00e9s \u00e0 la serviette. Ne pas rincer. Coiffer tel que d\u00e9sir\u00e9.<br \/>\nLivraison 5,00$ pour Gatineau, Cantley, Chelsea<\/p>\n","protected":false},"featured_media":4674,"comment_status":"open","ping_status":"closed","template":"","meta":[],"product_cat":[116],"product_tag":[],"_links":{"self":[{"href":"https:\/\/sohaut.ca\/index.php\/wp-json\/wp\/v2\/product\/4673"}],"collection":[{"href":"https:\/\/sohaut.ca\/index.php\/wp-json\/wp\/v2\/product"}],"about":[{"href":"https:\/\/sohaut.ca\/index.php\/wp-json\/wp\/v2\/types\/product"}],"replies":[{"embeddable":true,"href":"https:\/\/sohaut.ca\/index.php\/wp-json\/wp\/v2\/comments?post=4673"}],"wp:featuredmedia":[{"embeddable":true,"href":"https:\/\/sohaut.ca\/index.php\/wp-json\/wp\/v2\/media\/4674"}],"wp:attachment":[{"href":"https:\/\/sohaut.ca\/index.php\/wp-json\/wp\/v2\/media?parent=4673"}],"wp:term":[{"taxonomy":"product_cat","embeddable":true,"href":"https:\/\/sohaut.ca\/index.php\/wp-json\/wp\/v2\/product_cat?post=4673"},{"taxonomy":"product_tag","embeddable":true,"href":"https:\/\/sohaut.ca\/index.php\/wp-json\/wp\/v2\/product_tag?post=4673"}],"curies":[{"name":"wp","href":"https:\/\/api.w.org\/{rel}","templated":true}]}}