{"id":4687,"date":"2021-05-06T16:09:00","date_gmt":"2021-05-06T16:09:00","guid":{"rendered":"https:\/\/sohaut.ca\/?post_type=product&#038;p=4687"},"modified":"2021-05-06T16:09:00","modified_gmt":"2021-05-06T16:09:00","slug":"apres-shampooing-color-extend-graydiant-300ml-redken","status":"publish","type":"product","link":"https:\/\/sohaut.ca\/index.php\/product\/apres-shampooing-color-extend-graydiant-300ml-redken\/","title":{"rendered":"APRES-SHAMPOOING COLOR EXTEND GRAYDIANT 300ML REDKEN"},"content":{"rendered":"","protected":false},"excerpt":{"rendered":"<p>D\u00c9FINITION : Apr\u00e8s-shampooing anti-reflets jaunes pour cheveux gris et argent\u00e9s PROPULS\u00c9 PAR LA SCIENCE : \u2022 Syst\u00e8me argent Sv. Le syst\u00e8me Color Extend Graydiant \u2013 avec un syst\u00e8me de pigments argent \u2013 aide \u00e0 neutraliser les reflets jaunes ind\u00e9sirables et redonne de l\u2019\u00e9clat aux cheveux gris et argent. \u2022 Alcools gras, acide citrique, acides amin\u00e9s UTILISATION : Utiliser comme r\u00e9gime capillaire complet avec le shampooing Color Extend Graydiant. En prenant soin de porter des gants protecteur ad\u00e9quats, appliquer sur les cheveux mouill\u00e9s apr\u00e8s le shampooing. Laisser agir de 3 \u00e0 5 minutes. Rincer soigneusement.<\/p>\n<p>Frais fixes \u00e0 5,00$ pour Gatineau, Cantley, Chelsea<\/p>\n","protected":false},"featured_media":4688,"comment_status":"open","ping_status":"closed","template":"","meta":[],"product_cat":[116,109],"product_tag":[],"_links":{"self":[{"href":"https:\/\/sohaut.ca\/index.php\/wp-json\/wp\/v2\/product\/4687"}],"collection":[{"href":"https:\/\/sohaut.ca\/index.php\/wp-json\/wp\/v2\/product"}],"about":[{"href":"https:\/\/sohaut.ca\/index.php\/wp-json\/wp\/v2\/types\/product"}],"replies":[{"embeddable":true,"href":"https:\/\/sohaut.ca\/index.php\/wp-json\/wp\/v2\/comments?post=4687"}],"wp:featuredmedia":[{"embeddable":true,"href":"https:\/\/sohaut.ca\/index.php\/wp-json\/wp\/v2\/media\/4688"}],"wp:attachment":[{"href":"https:\/\/sohaut.ca\/index.php\/wp-json\/wp\/v2\/media?parent=4687"}],"wp:term":[{"taxonomy":"product_cat","embeddable":true,"href":"https:\/\/sohaut.ca\/index.php\/wp-json\/wp\/v2\/product_cat?post=4687"},{"taxonomy":"product_tag","embeddable":true,"href":"https:\/\/sohaut.ca\/index.php\/wp-json\/wp\/v2\/product_tag?post=4687"}],"curies":[{"name":"wp","href":"https:\/\/api.w.org\/{rel}","templated":true}]}}