{"id":4693,"date":"2021-05-06T16:28:15","date_gmt":"2021-05-06T16:28:15","guid":{"rendered":"https:\/\/sohaut.ca\/?post_type=product&#038;p=4693"},"modified":"2021-05-06T16:28:15","modified_gmt":"2021-05-06T16:28:15","slug":"shampooing-color-extend-magnetics-1l-redken","status":"publish","type":"product","link":"https:\/\/sohaut.ca\/index.php\/product\/shampooing-color-extend-magnetics-1l-redken\/","title":{"rendered":"SHAMPOOING COLOR EXTEND MAGNETICS 1L REDKEN"},"content":{"rendered":"<p>D\u00c9FINITION : Shampooing sans sulfate pour cheveux color\u00e9s PROPULS\u00c9 PAR LA SCIENCE : \u2022 Ph acide : 6,0-6,6 \u2022 Les soins du syst\u00e8me Color Extend Magnetics sont acides, ce qui aide \u00e0 \u00e9quilibrer le niveau de ph des cheveux et \u00e0 pr\u00e9server la couleur et l\u2019\u00e9clat de la coloration professionnelle entre les services en salon. \u2022 Agents de surface anioniques, amphot\u00e8res et agents ch\u00e9lateurs UTILISATION: Utiliser comme r\u00e9gime capillaire complet avec l&rsquo;apr\u00e8s-shampooing Color Extend Magnetics. Appliquer sur les cheveux mouill\u00e9s, masser pour faire mousser, puis rincer. Faire suivre de l&rsquo;apr\u00e8s-shampooing.<\/p>\n<p>Livraison de 5,00$ pour Gatineau, Cantley, Chelsea<\/p>\n","protected":false},"excerpt":{"rendered":"<p>D\u00c9FINITION : Shampooing sans sulfate pour cheveux color\u00e9s PROPULS\u00c9 PAR LA SCIENCE : \u2022 Ph acide : 6,0-6,6 \u2022 Les soins du syst\u00e8me Color Extend Magnetics sont acides, ce qui aide \u00e0 \u00e9quilibrer le niveau de ph des cheveux et [&hellip;]<\/p>\n","protected":false},"featured_media":4694,"comment_status":"open","ping_status":"closed","template":"","meta":[],"product_cat":[116,108],"product_tag":[],"_links":{"self":[{"href":"https:\/\/sohaut.ca\/index.php\/wp-json\/wp\/v2\/product\/4693"}],"collection":[{"href":"https:\/\/sohaut.ca\/index.php\/wp-json\/wp\/v2\/product"}],"about":[{"href":"https:\/\/sohaut.ca\/index.php\/wp-json\/wp\/v2\/types\/product"}],"replies":[{"embeddable":true,"href":"https:\/\/sohaut.ca\/index.php\/wp-json\/wp\/v2\/comments?post=4693"}],"wp:featuredmedia":[{"embeddable":true,"href":"https:\/\/sohaut.ca\/index.php\/wp-json\/wp\/v2\/media\/4694"}],"wp:attachment":[{"href":"https:\/\/sohaut.ca\/index.php\/wp-json\/wp\/v2\/media?parent=4693"}],"wp:term":[{"taxonomy":"product_cat","embeddable":true,"href":"https:\/\/sohaut.ca\/index.php\/wp-json\/wp\/v2\/product_cat?post=4693"},{"taxonomy":"product_tag","embeddable":true,"href":"https:\/\/sohaut.ca\/index.php\/wp-json\/wp\/v2\/product_tag?post=4693"}],"curies":[{"name":"wp","href":"https:\/\/api.w.org\/{rel}","templated":true}]}}