{"id":4700,"date":"2021-05-06T22:32:07","date_gmt":"2021-05-06T22:32:07","guid":{"rendered":"https:\/\/sohaut.ca\/?post_type=product&#038;p=4700"},"modified":"2021-05-06T22:32:44","modified_gmt":"2021-05-06T22:32:44","slug":"apres-shampooing-extreme-length-300ml-redken","status":"publish","type":"product","link":"https:\/\/sohaut.ca\/index.php\/product\/apres-shampooing-extreme-length-300ml-redken\/","title":{"rendered":"APRES-SHAMPOOING EXTREME LENGTH 300ML REDKEN"},"content":{"rendered":"<p>PROPULS\u00c9 PAR LA SCIENCE : \u2022 4 % complexe fortifiant pour longueurs. Le syst\u00e8me Extreme Length \u2013 avec biotine + vitamine A + complexe fortifiant concentr\u00e9 pour longueurs \u2013 aide \u00e0 renforcer et prot\u00e9ger les longueurs pour 81 % moins de cassure. \u2022 Biotine, c\u00e9ramides, huile de ricin, acide mal\u00e9ique UTILISATION : Utiliser comme r\u00e9gime capillaire complet avec le shampooing et le traitement scellant pour les pointes Extreme Length. Apr\u00e8s le shampooing, appliquer et r\u00e9partir sur les cheveux mouill\u00e9s. Rincer. Faire suivre au traitement scellant sans rin\u00e7age pour les pointes Extreme Length.<\/p>\n","protected":false},"excerpt":{"rendered":"<p>Apr\u00e8s-shampooing renforce longueurs pour les cheveux cassants<\/p>\n","protected":false},"featured_media":4701,"comment_status":"open","ping_status":"closed","template":"","meta":[],"product_cat":[116,109],"product_tag":[],"_links":{"self":[{"href":"https:\/\/sohaut.ca\/index.php\/wp-json\/wp\/v2\/product\/4700"}],"collection":[{"href":"https:\/\/sohaut.ca\/index.php\/wp-json\/wp\/v2\/product"}],"about":[{"href":"https:\/\/sohaut.ca\/index.php\/wp-json\/wp\/v2\/types\/product"}],"replies":[{"embeddable":true,"href":"https:\/\/sohaut.ca\/index.php\/wp-json\/wp\/v2\/comments?post=4700"}],"wp:featuredmedia":[{"embeddable":true,"href":"https:\/\/sohaut.ca\/index.php\/wp-json\/wp\/v2\/media\/4701"}],"wp:attachment":[{"href":"https:\/\/sohaut.ca\/index.php\/wp-json\/wp\/v2\/media?parent=4700"}],"wp:term":[{"taxonomy":"product_cat","embeddable":true,"href":"https:\/\/sohaut.ca\/index.php\/wp-json\/wp\/v2\/product_cat?post=4700"},{"taxonomy":"product_tag","embeddable":true,"href":"https:\/\/sohaut.ca\/index.php\/wp-json\/wp\/v2\/product_tag?post=4700"}],"curies":[{"name":"wp","href":"https:\/\/api.w.org\/{rel}","templated":true}]}}